{"id":2188,"date":"2018-03-23T08:10:45","date_gmt":"2018-03-23T08:10:45","guid":{"rendered":"http:\/\/bykallevig.com\/de\/?post_type=product&#038;p=2188"},"modified":"2021-05-27T16:08:31","modified_gmt":"2021-05-27T15:08:31","slug":"wave-chair","status":"publish","type":"product","link":"https:\/\/bykallevig.com\/de\/product\/wave-chair\/","title":{"rendered":"Wave Stuhl"},"content":{"rendered":"<p>Ein herausragendes Design, das Ihrem Zuhause einen Hauch der klassischen mid-century modern Eleganz verleiht. Hergestellt aus qualitativ hochwertigen Materialien unter Verwendung einer Kombination aus traditionellen und modernen Produktionstechniken, um optimale Qualit\u00e4t und au\u00dfergew\u00f6hnliche Haltbarkeit zu gew\u00e4hrleisten. Dieser Stuhl vereint Komfort und Stil und l\u00e4sst die besten Traditionen des mid-century M\u00f6beldesigns wieder aufleben, sodass Sie seine zeitlose Eleganz zu einem unglaublich erschwinglichen Preis genie\u00dfen k\u00f6nnen. Eine ideale Erg\u00e4nzung f\u00fcr jedes moderne Zuhause, das viele Jahre lang Bestand haben wird.<\/p>\n","protected":false},"excerpt":{"rendered":"<div id=\"payment\">PAY AFTER DELIVERY<\/div>\n<div id=\"shipping\">SHIPPING WITHIN A WEEK<\/div>\n","protected":false},"featured_media":501189,"comment_status":"closed","ping_status":"closed","template":"","meta":[],"product_cat":[161,75,74],"product_tag":[],"gallery_images":[],"yoast_head":"<!-- This site is optimized with the Yoast SEO plugin v22.6 - https:\/\/yoast.com\/wordpress\/plugins\/seo\/ -->\n<title>Wave Stuhl - byKALLEVIG<\/title>\n<meta name=\"robots\" content=\"index, follow, max-snippet:-1, max-image-preview:large, max-video-preview:-1\" \/>\n<link rel=\"canonical\" href=\"https:\/\/bykallevig.com\/de\/product\/wave-chair\/\" \/>\n<meta property=\"og:locale\" content=\"en_GB\" \/>\n<meta property=\"og:type\" content=\"article\" \/>\n<meta property=\"og:title\" content=\"Wave Stuhl - byKALLEVIG\" \/>\n<meta property=\"og:description\" content=\"PAY AFTER DELIVERY SHIPPING WITHIN A WEEK\" \/>\n<meta property=\"og:url\" content=\"https:\/\/bykallevig.com\/de\/product\/wave-chair\/\" \/>\n<meta property=\"og:site_name\" content=\"byKALLEVIG\" \/>\n<meta property=\"article:modified_time\" content=\"2021-05-27T15:08:31+00:00\" \/>\n<meta property=\"og:image\" content=\"https:\/\/bykallevig.com\/de\/wp-content\/uploads\/2019\/07\/wave-chair-side.jpg\" \/>\n\t<meta property=\"og:image:width\" content=\"1268\" \/>\n\t<meta property=\"og:image:height\" content=\"1544\" \/>\n\t<meta property=\"og:image:type\" content=\"image\/jpeg\" \/>\n<meta name=\"twitter:card\" content=\"summary_large_image\" \/>\n<script type=\"application\/ld+json\" class=\"yoast-schema-graph\">{\"@context\":\"https:\/\/schema.org\",\"@graph\":[{\"@type\":\"WebPage\",\"@id\":\"https:\/\/bykallevig.com\/de\/product\/wave-chair\/\",\"url\":\"https:\/\/bykallevig.com\/de\/product\/wave-chair\/\",\"name\":\"Wave Stuhl - byKALLEVIG\",\"isPartOf\":{\"@id\":\"https:\/\/bykallevig.com\/de\/#website\"},\"primaryImageOfPage\":{\"@id\":\"https:\/\/bykallevig.com\/de\/product\/wave-chair\/#primaryimage\"},\"image\":{\"@id\":\"https:\/\/bykallevig.com\/de\/product\/wave-chair\/#primaryimage\"},\"thumbnailUrl\":\"https:\/\/bykallevig.com\/de\/wp-content\/uploads\/2019\/07\/wave-chair-side.jpg\",\"datePublished\":\"2018-03-23T08:10:45+00:00\",\"dateModified\":\"2021-05-27T15:08:31+00:00\",\"breadcrumb\":{\"@id\":\"https:\/\/bykallevig.com\/de\/product\/wave-chair\/#breadcrumb\"},\"inLanguage\":\"en-GB\",\"potentialAction\":[{\"@type\":\"ReadAction\",\"target\":[\"https:\/\/bykallevig.com\/de\/product\/wave-chair\/\"]}]},{\"@type\":\"ImageObject\",\"inLanguage\":\"en-GB\",\"@id\":\"https:\/\/bykallevig.com\/de\/product\/wave-chair\/#primaryimage\",\"url\":\"https:\/\/bykallevig.com\/de\/wp-content\/uploads\/2019\/07\/wave-chair-side.jpg\",\"contentUrl\":\"https:\/\/bykallevig.com\/de\/wp-content\/uploads\/2019\/07\/wave-chair-side.jpg\",\"width\":1268,\"height\":1544},{\"@type\":\"BreadcrumbList\",\"@id\":\"https:\/\/bykallevig.com\/de\/product\/wave-chair\/#breadcrumb\",\"itemListElement\":[{\"@type\":\"ListItem\",\"position\":1,\"name\":\"Home\",\"item\":\"https:\/\/bykallevig.com\/de\/\"},{\"@type\":\"ListItem\",\"position\":2,\"name\":\"Shop\",\"item\":\"https:\/\/bykallevig.com\/de\/shop\/\"},{\"@type\":\"ListItem\",\"position\":3,\"name\":\"Wave Stuhl\"}]},{\"@type\":\"WebSite\",\"@id\":\"https:\/\/bykallevig.com\/de\/#website\",\"url\":\"https:\/\/bykallevig.com\/de\/\",\"name\":\"byKALLEVIG\",\"description\":\"Modern &amp; Mid-Century Design Furniture\",\"potentialAction\":[{\"@type\":\"SearchAction\",\"target\":{\"@type\":\"EntryPoint\",\"urlTemplate\":\"https:\/\/bykallevig.com\/de\/?s={search_term_string}\"},\"query-input\":\"required name=search_term_string\"}],\"inLanguage\":\"en-GB\"}]}<\/script>\n<!-- \/ Yoast SEO plugin. -->","yoast_head_json":{"title":"Wave Stuhl - byKALLEVIG","robots":{"index":"index","follow":"follow","max-snippet":"max-snippet:-1","max-image-preview":"max-image-preview:large","max-video-preview":"max-video-preview:-1"},"canonical":"https:\/\/bykallevig.com\/de\/product\/wave-chair\/","og_locale":"en_GB","og_type":"article","og_title":"Wave Stuhl - byKALLEVIG","og_description":"PAY AFTER DELIVERY SHIPPING WITHIN A WEEK","og_url":"https:\/\/bykallevig.com\/de\/product\/wave-chair\/","og_site_name":"byKALLEVIG","article_modified_time":"2021-05-27T15:08:31+00:00","og_image":[{"width":1268,"height":1544,"url":"https:\/\/bykallevig.com\/de\/wp-content\/uploads\/2019\/07\/wave-chair-side.jpg","type":"image\/jpeg"}],"twitter_card":"summary_large_image","schema":{"@context":"https:\/\/schema.org","@graph":[{"@type":"WebPage","@id":"https:\/\/bykallevig.com\/de\/product\/wave-chair\/","url":"https:\/\/bykallevig.com\/de\/product\/wave-chair\/","name":"Wave Stuhl - byKALLEVIG","isPartOf":{"@id":"https:\/\/bykallevig.com\/de\/#website"},"primaryImageOfPage":{"@id":"https:\/\/bykallevig.com\/de\/product\/wave-chair\/#primaryimage"},"image":{"@id":"https:\/\/bykallevig.com\/de\/product\/wave-chair\/#primaryimage"},"thumbnailUrl":"https:\/\/bykallevig.com\/de\/wp-content\/uploads\/2019\/07\/wave-chair-side.jpg","datePublished":"2018-03-23T08:10:45+00:00","dateModified":"2021-05-27T15:08:31+00:00","breadcrumb":{"@id":"https:\/\/bykallevig.com\/de\/product\/wave-chair\/#breadcrumb"},"inLanguage":"en-GB","potentialAction":[{"@type":"ReadAction","target":["https:\/\/bykallevig.com\/de\/product\/wave-chair\/"]}]},{"@type":"ImageObject","inLanguage":"en-GB","@id":"https:\/\/bykallevig.com\/de\/product\/wave-chair\/#primaryimage","url":"https:\/\/bykallevig.com\/de\/wp-content\/uploads\/2019\/07\/wave-chair-side.jpg","contentUrl":"https:\/\/bykallevig.com\/de\/wp-content\/uploads\/2019\/07\/wave-chair-side.jpg","width":1268,"height":1544},{"@type":"BreadcrumbList","@id":"https:\/\/bykallevig.com\/de\/product\/wave-chair\/#breadcrumb","itemListElement":[{"@type":"ListItem","position":1,"name":"Home","item":"https:\/\/bykallevig.com\/de\/"},{"@type":"ListItem","position":2,"name":"Shop","item":"https:\/\/bykallevig.com\/de\/shop\/"},{"@type":"ListItem","position":3,"name":"Wave Stuhl"}]},{"@type":"WebSite","@id":"https:\/\/bykallevig.com\/de\/#website","url":"https:\/\/bykallevig.com\/de\/","name":"byKALLEVIG","description":"Modern &amp; Mid-Century Design Furniture","potentialAction":[{"@type":"SearchAction","target":{"@type":"EntryPoint","urlTemplate":"https:\/\/bykallevig.com\/de\/?s={search_term_string}"},"query-input":"required name=search_term_string"}],"inLanguage":"en-GB"}]}},"_links":{"self":[{"href":"https:\/\/bykallevig.com\/de\/wp-json\/wp\/v2\/product\/2188"}],"collection":[{"href":"https:\/\/bykallevig.com\/de\/wp-json\/wp\/v2\/product"}],"about":[{"href":"https:\/\/bykallevig.com\/de\/wp-json\/wp\/v2\/types\/product"}],"replies":[{"embeddable":true,"href":"https:\/\/bykallevig.com\/de\/wp-json\/wp\/v2\/comments?post=2188"}],"wp:featuredmedia":[{"embeddable":true,"href":"https:\/\/bykallevig.com\/de\/wp-json\/wp\/v2\/media\/501189"}],"wp:attachment":[{"href":"https:\/\/bykallevig.com\/de\/wp-json\/wp\/v2\/media?parent=2188"}],"wp:term":[{"taxonomy":"product_cat","embeddable":true,"href":"https:\/\/bykallevig.com\/de\/wp-json\/wp\/v2\/product_cat?post=2188"},{"taxonomy":"product_tag","embeddable":true,"href":"https:\/\/bykallevig.com\/de\/wp-json\/wp\/v2\/product_tag?post=2188"}],"curies":[{"name":"wp","href":"https:\/\/api.w.org\/{rel}","templated":true}]}}