{"id":2134,"date":"2018-03-23T07:14:16","date_gmt":"2018-03-23T07:14:16","guid":{"rendered":"http:\/\/bykallevig.com\/de\/?post_type=product&#038;p=2134"},"modified":"2021-05-27T16:08:35","modified_gmt":"2021-05-27T15:08:35","slug":"progato-lamp-white","status":"publish","type":"product","link":"https:\/\/bykallevig.com\/de\/product\/progato-lamp-white\/","title":{"rendered":"Progato Lampe | Wei\u00df"},"content":{"rendered":"<p>Eine Lampe im klassischen Mid-century modern Stils, die mit Charakter und zeitloser Eleganz \u00fcberzeugt. Die Kombination aus plastischem Look und sorgf\u00e4ltig gerichtetem, weichem Licht, das nicht blendet, sorgt daf\u00fcr, dass diese M\u00f6belst\u00fccke Ihr Zuhause nicht nur stilvoll beleuchten, sondern dank ihrer eleganten Designs auch tags\u00fcber eine Bereicherung f\u00fcr Ihr Zuhause darstellen. Verleihen Sie Ihrem Zuhause einen Vintage-Touch zu einem au\u00dfergew\u00f6hnlich g\u00fcnstigen Preis und verwandeln Sie das Ambiente Ihres Wohnraums. Eine wunderbare Erg\u00e4nzung f\u00fcr jedes moderne Zuhause gepaart mit der Qualit\u00e4t, die durch die Langlebigkeit der Lampe gew\u00e4hrleistet wird.<\/p>\n","protected":false},"excerpt":{"rendered":"<div id=\"payment\">PAY AFTER DELIVERY<\/div>\n<div id=\"shipping\">SHIPPING WITHIN A WEEK<\/div>\n","protected":false},"featured_media":501231,"comment_status":"closed","ping_status":"closed","template":"","meta":[],"product_cat":[125,75,68],"product_tag":[],"gallery_images":[],"yoast_head":"<!-- This site is optimized with the Yoast SEO plugin v22.6 - https:\/\/yoast.com\/wordpress\/plugins\/seo\/ -->\n<title>Progato Lampe | Wei\u00df - byKALLEVIG<\/title>\n<meta name=\"robots\" content=\"index, follow, max-snippet:-1, max-image-preview:large, max-video-preview:-1\" \/>\n<link rel=\"canonical\" href=\"https:\/\/bykallevig.com\/de\/product\/progato-lamp-white\/\" \/>\n<meta property=\"og:locale\" content=\"en_GB\" \/>\n<meta property=\"og:type\" content=\"article\" \/>\n<meta property=\"og:title\" content=\"Progato Lampe | Wei\u00df - byKALLEVIG\" \/>\n<meta property=\"og:description\" content=\"PAY AFTER DELIVERY SHIPPING WITHIN A WEEK\" \/>\n<meta property=\"og:url\" content=\"https:\/\/bykallevig.com\/de\/product\/progato-lamp-white\/\" \/>\n<meta property=\"og:site_name\" content=\"byKALLEVIG\" \/>\n<meta property=\"article:modified_time\" content=\"2021-05-27T15:08:35+00:00\" \/>\n<meta property=\"og:image\" content=\"https:\/\/bykallevig.com\/de\/wp-content\/uploads\/2019\/07\/progato-lamp-white.jpg\" \/>\n\t<meta property=\"og:image:width\" content=\"1268\" \/>\n\t<meta property=\"og:image:height\" content=\"1544\" \/>\n\t<meta property=\"og:image:type\" content=\"image\/jpeg\" \/>\n<meta name=\"twitter:card\" content=\"summary_large_image\" \/>\n<meta name=\"twitter:label1\" content=\"Estimated reading time\" \/>\n\t<meta name=\"twitter:data1\" content=\"1 minute\" \/>\n<script type=\"application\/ld+json\" class=\"yoast-schema-graph\">{\"@context\":\"https:\/\/schema.org\",\"@graph\":[{\"@type\":\"WebPage\",\"@id\":\"https:\/\/bykallevig.com\/de\/product\/progato-lamp-white\/\",\"url\":\"https:\/\/bykallevig.com\/de\/product\/progato-lamp-white\/\",\"name\":\"Progato Lampe | Wei\u00df - byKALLEVIG\",\"isPartOf\":{\"@id\":\"https:\/\/bykallevig.com\/de\/#website\"},\"primaryImageOfPage\":{\"@id\":\"https:\/\/bykallevig.com\/de\/product\/progato-lamp-white\/#primaryimage\"},\"image\":{\"@id\":\"https:\/\/bykallevig.com\/de\/product\/progato-lamp-white\/#primaryimage\"},\"thumbnailUrl\":\"https:\/\/bykallevig.com\/de\/wp-content\/uploads\/2019\/07\/progato-lamp-white.jpg\",\"datePublished\":\"2018-03-23T07:14:16+00:00\",\"dateModified\":\"2021-05-27T15:08:35+00:00\",\"breadcrumb\":{\"@id\":\"https:\/\/bykallevig.com\/de\/product\/progato-lamp-white\/#breadcrumb\"},\"inLanguage\":\"en-GB\",\"potentialAction\":[{\"@type\":\"ReadAction\",\"target\":[\"https:\/\/bykallevig.com\/de\/product\/progato-lamp-white\/\"]}]},{\"@type\":\"ImageObject\",\"inLanguage\":\"en-GB\",\"@id\":\"https:\/\/bykallevig.com\/de\/product\/progato-lamp-white\/#primaryimage\",\"url\":\"https:\/\/bykallevig.com\/de\/wp-content\/uploads\/2019\/07\/progato-lamp-white.jpg\",\"contentUrl\":\"https:\/\/bykallevig.com\/de\/wp-content\/uploads\/2019\/07\/progato-lamp-white.jpg\",\"width\":1268,\"height\":1544},{\"@type\":\"BreadcrumbList\",\"@id\":\"https:\/\/bykallevig.com\/de\/product\/progato-lamp-white\/#breadcrumb\",\"itemListElement\":[{\"@type\":\"ListItem\",\"position\":1,\"name\":\"Home\",\"item\":\"https:\/\/bykallevig.com\/de\/\"},{\"@type\":\"ListItem\",\"position\":2,\"name\":\"Shop\",\"item\":\"https:\/\/bykallevig.com\/de\/shop\/\"},{\"@type\":\"ListItem\",\"position\":3,\"name\":\"Progato Lampe | Wei\u00df\"}]},{\"@type\":\"WebSite\",\"@id\":\"https:\/\/bykallevig.com\/de\/#website\",\"url\":\"https:\/\/bykallevig.com\/de\/\",\"name\":\"byKALLEVIG\",\"description\":\"Modern &amp; Mid-Century Design Furniture\",\"potentialAction\":[{\"@type\":\"SearchAction\",\"target\":{\"@type\":\"EntryPoint\",\"urlTemplate\":\"https:\/\/bykallevig.com\/de\/?s={search_term_string}\"},\"query-input\":\"required name=search_term_string\"}],\"inLanguage\":\"en-GB\"}]}<\/script>\n<!-- \/ Yoast SEO plugin. -->","yoast_head_json":{"title":"Progato Lampe | Wei\u00df - byKALLEVIG","robots":{"index":"index","follow":"follow","max-snippet":"max-snippet:-1","max-image-preview":"max-image-preview:large","max-video-preview":"max-video-preview:-1"},"canonical":"https:\/\/bykallevig.com\/de\/product\/progato-lamp-white\/","og_locale":"en_GB","og_type":"article","og_title":"Progato Lampe | Wei\u00df - byKALLEVIG","og_description":"PAY AFTER DELIVERY SHIPPING WITHIN A WEEK","og_url":"https:\/\/bykallevig.com\/de\/product\/progato-lamp-white\/","og_site_name":"byKALLEVIG","article_modified_time":"2021-05-27T15:08:35+00:00","og_image":[{"width":1268,"height":1544,"url":"https:\/\/bykallevig.com\/de\/wp-content\/uploads\/2019\/07\/progato-lamp-white.jpg","type":"image\/jpeg"}],"twitter_card":"summary_large_image","twitter_misc":{"Estimated reading time":"1 minute"},"schema":{"@context":"https:\/\/schema.org","@graph":[{"@type":"WebPage","@id":"https:\/\/bykallevig.com\/de\/product\/progato-lamp-white\/","url":"https:\/\/bykallevig.com\/de\/product\/progato-lamp-white\/","name":"Progato Lampe | Wei\u00df - byKALLEVIG","isPartOf":{"@id":"https:\/\/bykallevig.com\/de\/#website"},"primaryImageOfPage":{"@id":"https:\/\/bykallevig.com\/de\/product\/progato-lamp-white\/#primaryimage"},"image":{"@id":"https:\/\/bykallevig.com\/de\/product\/progato-lamp-white\/#primaryimage"},"thumbnailUrl":"https:\/\/bykallevig.com\/de\/wp-content\/uploads\/2019\/07\/progato-lamp-white.jpg","datePublished":"2018-03-23T07:14:16+00:00","dateModified":"2021-05-27T15:08:35+00:00","breadcrumb":{"@id":"https:\/\/bykallevig.com\/de\/product\/progato-lamp-white\/#breadcrumb"},"inLanguage":"en-GB","potentialAction":[{"@type":"ReadAction","target":["https:\/\/bykallevig.com\/de\/product\/progato-lamp-white\/"]}]},{"@type":"ImageObject","inLanguage":"en-GB","@id":"https:\/\/bykallevig.com\/de\/product\/progato-lamp-white\/#primaryimage","url":"https:\/\/bykallevig.com\/de\/wp-content\/uploads\/2019\/07\/progato-lamp-white.jpg","contentUrl":"https:\/\/bykallevig.com\/de\/wp-content\/uploads\/2019\/07\/progato-lamp-white.jpg","width":1268,"height":1544},{"@type":"BreadcrumbList","@id":"https:\/\/bykallevig.com\/de\/product\/progato-lamp-white\/#breadcrumb","itemListElement":[{"@type":"ListItem","position":1,"name":"Home","item":"https:\/\/bykallevig.com\/de\/"},{"@type":"ListItem","position":2,"name":"Shop","item":"https:\/\/bykallevig.com\/de\/shop\/"},{"@type":"ListItem","position":3,"name":"Progato Lampe | Wei\u00df"}]},{"@type":"WebSite","@id":"https:\/\/bykallevig.com\/de\/#website","url":"https:\/\/bykallevig.com\/de\/","name":"byKALLEVIG","description":"Modern &amp; Mid-Century Design Furniture","potentialAction":[{"@type":"SearchAction","target":{"@type":"EntryPoint","urlTemplate":"https:\/\/bykallevig.com\/de\/?s={search_term_string}"},"query-input":"required name=search_term_string"}],"inLanguage":"en-GB"}]}},"_links":{"self":[{"href":"https:\/\/bykallevig.com\/de\/wp-json\/wp\/v2\/product\/2134"}],"collection":[{"href":"https:\/\/bykallevig.com\/de\/wp-json\/wp\/v2\/product"}],"about":[{"href":"https:\/\/bykallevig.com\/de\/wp-json\/wp\/v2\/types\/product"}],"replies":[{"embeddable":true,"href":"https:\/\/bykallevig.com\/de\/wp-json\/wp\/v2\/comments?post=2134"}],"wp:featuredmedia":[{"embeddable":true,"href":"https:\/\/bykallevig.com\/de\/wp-json\/wp\/v2\/media\/501231"}],"wp:attachment":[{"href":"https:\/\/bykallevig.com\/de\/wp-json\/wp\/v2\/media?parent=2134"}],"wp:term":[{"taxonomy":"product_cat","embeddable":true,"href":"https:\/\/bykallevig.com\/de\/wp-json\/wp\/v2\/product_cat?post=2134"},{"taxonomy":"product_tag","embeddable":true,"href":"https:\/\/bykallevig.com\/de\/wp-json\/wp\/v2\/product_tag?post=2134"}],"curies":[{"name":"wp","href":"https:\/\/api.w.org\/{rel}","templated":true}]}}