{"id":89,"date":"2013-08-11T19:06:15","date_gmt":"2013-08-11T19:06:15","guid":{"rendered":"http:\/\/localhost:8888\/test\/?page_id=520"},"modified":"2020-10-26T19:34:37","modified_gmt":"2020-10-26T19:34:37","slug":"about-us","status":"publish","type":"page","link":"https:\/\/bykallevig.com\/de\/about-us\/","title":{"rendered":"\u00dcber uns"},"content":{"rendered":"\t<div class=\"img has-hover x md-x lg-x y md-y lg-y\" id=\"image_1170818052\">\n\t\t\t\t\t\t\t\t<div class=\"img-inner dark\" >\n\t\t\t<img width=\"1500\" height=\"500\" src=\"https:\/\/bykallevig.com\/de\/wp-content\/uploads\/2019\/06\/about-us-banner.jpg\" class=\"attachment-original size-original\" alt=\"\" decoding=\"async\" loading=\"lazy\" srcset=\"https:\/\/bykallevig.com\/de\/wp-content\/uploads\/2019\/06\/about-us-banner.jpg 1500w, https:\/\/bykallevig.com\/de\/wp-content\/uploads\/2019\/06\/about-us-banner-1000x333.jpg 1000w, https:\/\/bykallevig.com\/de\/wp-content\/uploads\/2019\/06\/about-us-banner-800x267.jpg 800w, https:\/\/bykallevig.com\/de\/wp-content\/uploads\/2019\/06\/about-us-banner-768x256.jpg 768w, https:\/\/bykallevig.com\/de\/wp-content\/uploads\/2019\/06\/about-us-banner-1400x467.jpg 1400w\" sizes=\"(max-width: 1500px) 100vw, 1500px\" \/>\t\t\t\t\t\t\n\t\t\t\t\t<\/div>\n\t\t\t\t\t\t\t\t\n<style>\n#image_1170818052 {\n  width: 100%;\n}\n<\/style>\n\t<\/div>\n\t\n<div class=\"row\"  id=\"row-2131334662\">\n\n\t<div id=\"col-1520450463\" class=\"col small-12 large-12\"  >\n\t\t\t\t<div class=\"col-inner\"  >\n\t\t\t\n\t\t\t\n<h1>Das Erbe des modernen Designs der Mitte des Jahrhunderts bewahren<\/h1>\n<p>Der moderne Stil der Mitte des Jahrhunderts ist wohl die einflussreichste Design-Bewegung des 20. Jahrhunderts, die von Kritikern gelobt und von Vielen geliebt wird \u2013 darunter unser Team von leidenschaftlichen Enthusiasten, die sich der Erhaltung des stilistischen Erbes dieser bedeutenden \u00c4ra widmen. Mit der hochwertigen Reproduktion der ikonischen Klassiker des modern Stils der Mitte des Jahrhunderts wollen wir dazu beitragen, dieses herausragende Erbe zu bewahren, das die \u00c4sthetik des Alltags nachhaltig gepr\u00e4gt hat.<\/p>\n<p>Von makellos gestalteten Esszimmerst\u00fchlen bis hin zu aufsehenerregenden Statement-St\u00fccken \u2013 unser Angebot bringt die zeitlose Eleganz dieser Vintage-Klassiker in moderne Wohnungen zu au\u00dfergew\u00f6hnlich g\u00fcnstigen Preisen. Charaktervoll und gepr\u00e4gt von einer Qualit\u00e4t, die neue Ma\u00dfst\u00e4be setzt, k\u00f6nnen Sie mithilfe unserer Designs Ihrer Phantasie freien Lauf lassen &#8211; einen Schritt in Richtung eines stilvollen und eleganten Zuhauses.<\/p>\n<p>Jahrhundert Stil f\u00fcr ein modernes Zuhause \u2013 mit einem makellosen Stil f\u00fcr alle.<\/p>\n\t\t<\/div>\n\t\t\t\t\t<\/div>\n\n\t\n\n\t<div id=\"col-286668330\" class=\"col small-12 large-12\"  >\n\t\t\t\t<div class=\"col-inner\"  >\n\t\t\t\n\t\t\t\n\n  \n    <div class=\"row large-columns-4 medium-columns-3 small-columns-2 row-small slider row-slider slider-nav-reveal slider-nav-push\"  data-flickity-options='{\"imagesLoaded\": true, \"groupCells\": \"100%\", \"dragThreshold\" : 5, \"cellAlign\": \"left\",\"wrapAround\": true,\"prevNextButtons\": true,\"percentPosition\": true,\"pageDots\": false, \"rightToLeft\": false, \"autoPlay\" : false}'>\n\n  \t<\/div>\n\t\t<\/div>\n\t\t\t\t\t<\/div>\n\n\t\n<\/div>\n","protected":false},"excerpt":{"rendered":"","protected":false},"author":79,"featured_media":0,"parent":0,"menu_order":0,"comment_status":"closed","ping_status":"closed","template":"page-blank.php","meta":{"footnotes":""},"yoast_head":"<!-- This site is optimized with the Yoast SEO plugin v22.6 - https:\/\/yoast.com\/wordpress\/plugins\/seo\/ -->\n<title>\u00dcber uns - byKALLEVIG<\/title>\n<meta name=\"robots\" content=\"index, follow, max-snippet:-1, max-image-preview:large, max-video-preview:-1\" \/>\n<link rel=\"canonical\" href=\"https:\/\/bykallevig.com\/de\/about-us\/\" \/>\n<meta property=\"og:locale\" content=\"en_GB\" \/>\n<meta property=\"og:type\" content=\"article\" \/>\n<meta property=\"og:title\" content=\"\u00dcber uns - byKALLEVIG\" \/>\n<meta property=\"og:url\" content=\"https:\/\/bykallevig.com\/de\/about-us\/\" \/>\n<meta property=\"og:site_name\" content=\"byKALLEVIG\" \/>\n<meta property=\"article:modified_time\" content=\"2020-10-26T19:34:37+00:00\" \/>\n<meta name=\"twitter:card\" content=\"summary_large_image\" \/>\n<meta name=\"twitter:label1\" content=\"Estimated reading time\" \/>\n\t<meta name=\"twitter:data1\" content=\"1 minute\" \/>\n<script type=\"application\/ld+json\" class=\"yoast-schema-graph\">{\"@context\":\"https:\/\/schema.org\",\"@graph\":[{\"@type\":\"WebPage\",\"@id\":\"https:\/\/bykallevig.com\/de\/about-us\/\",\"url\":\"https:\/\/bykallevig.com\/de\/about-us\/\",\"name\":\"\u00dcber uns - byKALLEVIG\",\"isPartOf\":{\"@id\":\"https:\/\/bykallevig.com\/de\/#website\"},\"datePublished\":\"2013-08-11T19:06:15+00:00\",\"dateModified\":\"2020-10-26T19:34:37+00:00\",\"breadcrumb\":{\"@id\":\"https:\/\/bykallevig.com\/de\/about-us\/#breadcrumb\"},\"inLanguage\":\"en-GB\",\"potentialAction\":[{\"@type\":\"ReadAction\",\"target\":[\"https:\/\/bykallevig.com\/de\/about-us\/\"]}]},{\"@type\":\"BreadcrumbList\",\"@id\":\"https:\/\/bykallevig.com\/de\/about-us\/#breadcrumb\",\"itemListElement\":[{\"@type\":\"ListItem\",\"position\":1,\"name\":\"Home\",\"item\":\"https:\/\/bykallevig.com\/de\/\"},{\"@type\":\"ListItem\",\"position\":2,\"name\":\"\u00dcber uns\"}]},{\"@type\":\"WebSite\",\"@id\":\"https:\/\/bykallevig.com\/de\/#website\",\"url\":\"https:\/\/bykallevig.com\/de\/\",\"name\":\"byKALLEVIG\",\"description\":\"Modern &amp; Mid-Century Design Furniture\",\"potentialAction\":[{\"@type\":\"SearchAction\",\"target\":{\"@type\":\"EntryPoint\",\"urlTemplate\":\"https:\/\/bykallevig.com\/de\/?s={search_term_string}\"},\"query-input\":\"required name=search_term_string\"}],\"inLanguage\":\"en-GB\"}]}<\/script>\n<!-- \/ Yoast SEO plugin. -->","yoast_head_json":{"title":"\u00dcber uns - byKALLEVIG","robots":{"index":"index","follow":"follow","max-snippet":"max-snippet:-1","max-image-preview":"max-image-preview:large","max-video-preview":"max-video-preview:-1"},"canonical":"https:\/\/bykallevig.com\/de\/about-us\/","og_locale":"en_GB","og_type":"article","og_title":"\u00dcber uns - byKALLEVIG","og_url":"https:\/\/bykallevig.com\/de\/about-us\/","og_site_name":"byKALLEVIG","article_modified_time":"2020-10-26T19:34:37+00:00","twitter_card":"summary_large_image","twitter_misc":{"Estimated reading time":"1 minute"},"schema":{"@context":"https:\/\/schema.org","@graph":[{"@type":"WebPage","@id":"https:\/\/bykallevig.com\/de\/about-us\/","url":"https:\/\/bykallevig.com\/de\/about-us\/","name":"\u00dcber uns - byKALLEVIG","isPartOf":{"@id":"https:\/\/bykallevig.com\/de\/#website"},"datePublished":"2013-08-11T19:06:15+00:00","dateModified":"2020-10-26T19:34:37+00:00","breadcrumb":{"@id":"https:\/\/bykallevig.com\/de\/about-us\/#breadcrumb"},"inLanguage":"en-GB","potentialAction":[{"@type":"ReadAction","target":["https:\/\/bykallevig.com\/de\/about-us\/"]}]},{"@type":"BreadcrumbList","@id":"https:\/\/bykallevig.com\/de\/about-us\/#breadcrumb","itemListElement":[{"@type":"ListItem","position":1,"name":"Home","item":"https:\/\/bykallevig.com\/de\/"},{"@type":"ListItem","position":2,"name":"\u00dcber uns"}]},{"@type":"WebSite","@id":"https:\/\/bykallevig.com\/de\/#website","url":"https:\/\/bykallevig.com\/de\/","name":"byKALLEVIG","description":"Modern &amp; Mid-Century Design Furniture","potentialAction":[{"@type":"SearchAction","target":{"@type":"EntryPoint","urlTemplate":"https:\/\/bykallevig.com\/de\/?s={search_term_string}"},"query-input":"required name=search_term_string"}],"inLanguage":"en-GB"}]}},"_links":{"self":[{"href":"https:\/\/bykallevig.com\/de\/wp-json\/wp\/v2\/pages\/89"}],"collection":[{"href":"https:\/\/bykallevig.com\/de\/wp-json\/wp\/v2\/pages"}],"about":[{"href":"https:\/\/bykallevig.com\/de\/wp-json\/wp\/v2\/types\/page"}],"author":[{"embeddable":true,"href":"https:\/\/bykallevig.com\/de\/wp-json\/wp\/v2\/users\/79"}],"replies":[{"embeddable":true,"href":"https:\/\/bykallevig.com\/de\/wp-json\/wp\/v2\/comments?post=89"}],"version-history":[{"count":34,"href":"https:\/\/bykallevig.com\/de\/wp-json\/wp\/v2\/pages\/89\/revisions"}],"predecessor-version":[{"id":594226,"href":"https:\/\/bykallevig.com\/de\/wp-json\/wp\/v2\/pages\/89\/revisions\/594226"}],"wp:attachment":[{"href":"https:\/\/bykallevig.com\/de\/wp-json\/wp\/v2\/media?parent=89"}],"curies":[{"name":"wp","href":"https:\/\/api.w.org\/{rel}","templated":true}]}}