{"id":87,"date":"2013-08-11T19:22:53","date_gmt":"2013-08-11T19:22:53","guid":{"rendered":"http:\/\/localhost:8888\/test\/?page_id=532"},"modified":"2020-10-26T19:49:31","modified_gmt":"2020-10-26T19:49:31","slug":"contact","status":"publish","type":"page","link":"https:\/\/bykallevig.com\/de\/contact\/","title":{"rendered":"Kontakt"},"content":{"rendered":"\t<div class=\"img has-hover x md-x lg-x y md-y lg-y\" id=\"image_1081477894\">\n\t\t\t\t\t\t\t\t<div class=\"img-inner dark\" >\n\t\t\t<img width=\"1500\" height=\"500\" src=\"https:\/\/bykallevig.com\/de\/wp-content\/uploads\/2019\/06\/contact-us-1.jpg\" class=\"attachment-original size-original\" alt=\"\" decoding=\"async\" loading=\"lazy\" srcset=\"https:\/\/bykallevig.com\/de\/wp-content\/uploads\/2019\/06\/contact-us-1.jpg 1500w, https:\/\/bykallevig.com\/de\/wp-content\/uploads\/2019\/06\/contact-us-1-1000x333.jpg 1000w, https:\/\/bykallevig.com\/de\/wp-content\/uploads\/2019\/06\/contact-us-1-800x267.jpg 800w, https:\/\/bykallevig.com\/de\/wp-content\/uploads\/2019\/06\/contact-us-1-768x256.jpg 768w, https:\/\/bykallevig.com\/de\/wp-content\/uploads\/2019\/06\/contact-us-1-1400x467.jpg 1400w\" sizes=\"(max-width: 1500px) 100vw, 1500px\" \/>\t\t\t\t\t\t\n\t\t\t\t\t<\/div>\n\t\t\t\t\t\t\t\t\n<style>\n#image_1081477894 {\n  width: 100%;\n}\n<\/style>\n\t<\/div>\n\t\n<div class=\"row\"  id=\"row-1864887787\">\n\n\t<div id=\"col-1170792491\" class=\"col small-12 large-12\"  >\n\t\t\t\t<div class=\"col-inner\"  >\n\t\t\t\n\t\t\t\n<h1>Kontakt<\/h1>\n\t\t<\/div>\n\t\t\t\t\t<\/div>\n\n\t\n\t<div id=\"col-1825424566\" class=\"col medium-6 large-6\"  >\n\t\t\t\t<div class=\"col-inner\"  >\n\t\t\t\n\t\t\t\n<div class=\"container section-title-container\" ><h3 class=\"section-title section-title-normal\"><b><\/b><span class=\"section-title-main\" >Senden Sie uns eine Email<\/span><b><\/b><\/h3><\/div>\n\n<div class=\"wpcf7 no-js\" id=\"wpcf7-f10-o1\" lang=\"en-US\" dir=\"ltr\">\n<div class=\"screen-reader-response\"><p role=\"status\" aria-live=\"polite\" aria-atomic=\"true\"><\/p> <ul><\/ul><\/div>\n<form action=\"\/de\/wp-json\/wp\/v2\/pages\/87#wpcf7-f10-o1\" method=\"post\" class=\"wpcf7-form init\" aria-label=\"Contact form\" novalidate=\"novalidate\" data-status=\"init\">\n<div style=\"display: none;\">\n<input type=\"hidden\" name=\"_wpcf7\" value=\"10\" \/>\n<input type=\"hidden\" name=\"_wpcf7_version\" value=\"5.9.8\" \/>\n<input type=\"hidden\" name=\"_wpcf7_locale\" value=\"en_US\" \/>\n<input type=\"hidden\" name=\"_wpcf7_unit_tag\" value=\"wpcf7-f10-o1\" \/>\n<input type=\"hidden\" name=\"_wpcf7_container_post\" value=\"0\" \/>\n<input type=\"hidden\" name=\"_wpcf7_posted_data_hash\" value=\"\" \/>\n<\/div>\n<p><label>Name *<\/label><br \/>\n<span class=\"wpcf7-form-control-wrap\" data-name=\"your-name\"><input size=\"40\" maxlength=\"400\" class=\"wpcf7-form-control wpcf7-text wpcf7-validates-as-required\" aria-required=\"true\" aria-invalid=\"false\" value=\"\" type=\"text\" name=\"your-name\" \/><\/span>\n<\/p>\n<p><label>Email *<\/label><br \/>\n<span class=\"wpcf7-form-control-wrap\" data-name=\"your-email\"><input size=\"40\" maxlength=\"400\" class=\"wpcf7-form-control wpcf7-email wpcf7-validates-as-required wpcf7-text wpcf7-validates-as-email\" aria-required=\"true\" aria-invalid=\"false\" value=\"\" type=\"email\" name=\"your-email\" \/><\/span>\n<\/p>\n<p><label>Handynummer<\/label><br \/>\n<span class=\"wpcf7-form-control-wrap\" data-name=\"your-phone\"><input class=\"wpcf7-form-control wpcf7-number wpcf7-validates-as-number\" aria-invalid=\"false\" value=\"\" type=\"number\" name=\"your-phone\" \/><\/span>\n<\/p>\n<p><label>Nachricht *<\/label><br \/>\n<span class=\"wpcf7-form-control-wrap\" data-name=\"your-message\"><textarea cols=\"40\" rows=\"10\" maxlength=\"2000\" class=\"wpcf7-form-control wpcf7-textarea\" aria-invalid=\"false\" name=\"your-message\"><\/textarea><\/span>\n<\/p>\n<p><input class=\"wpcf7-form-control wpcf7-submit has-spinner button\" type=\"submit\" value=\"Senden\" \/>\n<\/p><div class=\"wpcf7-response-output\" aria-hidden=\"true\"><\/div>\n<\/form>\n<\/div>\n\n\t\t<\/div>\n\t\t\t\t\t<\/div>\n\n\t\n\n\t<div id=\"col-2123987338\" class=\"col medium-6 small-12 large-6\"  >\n\t\t\t\t<div class=\"col-inner\"  >\n\t\t\t\n\t\t\t\n<div class=\"contactpageinfo\">\n<p><span>Live Chat:<\/span> Nutze die Live Chat App auf unserer Website und sprich mit unseren Design-Experten! Sie sind von fr\u00fchmorgens bis sp\u00e4t am Abend verf\u00fcgbar und beantworten gerne alle Deine Fragen und geben Dir alle Informationen, die Du ben\u00f6tigst. Von den Details Deiner Bestellung bis hin zu Tipps und Tricks sind wir f\u00fcr Dich da \u2013 7 Tage die Woche.<\/p>\n<p><span>Email:<\/span> Hast Du Bedenken, Anregungen oder Fragen? Egal, ob Du ein regelm\u00e4ssiger Kunde bist, oder nur eine Beratung ben\u00f6tigst, bevor Du Deinen ersten Kauf bei uns t\u00e4tigen wirst, bitte sei nicht sch\u00fcchtern \u2013 sende uns einfach eine E-Mail an bykallevig@bykallevig.com<\/p>\n<p><span>Social Media:<\/span> Verpassen Sie nicht die neuesten Nachrichten von byKALLEVIG!<br \/>\nFacebook: <a href=\"https:\/\/www.facebook.com\/bykallevigdesign\" target=\"_blank\" rel=\"noopener noreferrer\">www.facebook.com\/bykallevig<\/a><br \/>\nInstagram: <a href=\"https:\/\/www.instagram.com\/bykallevig\" target=\"_blank\" rel=\"noopener noreferrer\">www.instagram.com\/bykallevig<\/a><\/p>\n<p><span>KUNDENPFLEGE-HOTLINE::<\/span> F\u00fcr alle Ihre Anfragen von Montag bis Freitag unter +441258446737 verf\u00fcgbar<\/p>\n<p><span>Email Marketing &#038; Txt Marketing:<\/span> byKALLEVIG arbeitet mit externen Marketing-Agenturen zusammen und ist nicht direkt am Versand der Werbemittel beteiligt. Wenn Sie Werbe-E-Mails oder Text-Marketing-Mitteilungen erhalten wollen und eine mehr Informationen w\u00fcnschen, z\u00f6gern Sie nicht, uns dies per E-Mail oder Live-Chat mitzuteilen.<\/p>\n<\/div>\n\t\t<\/div>\n\t\t\t\t\t<\/div>\n\n\t\n<\/div>\n","protected":false},"excerpt":{"rendered":"","protected":false},"author":79,"featured_media":0,"parent":0,"menu_order":0,"comment_status":"closed","ping_status":"closed","template":"page-blank.php","meta":{"footnotes":""},"yoast_head":"<!-- This site is optimized with the Yoast SEO plugin v22.6 - https:\/\/yoast.com\/wordpress\/plugins\/seo\/ -->\n<title>Kontakt - byKALLEVIG<\/title>\n<meta name=\"robots\" content=\"index, follow, max-snippet:-1, max-image-preview:large, max-video-preview:-1\" \/>\n<link rel=\"canonical\" href=\"https:\/\/bykallevig.com\/de\/contact\/\" \/>\n<meta property=\"og:locale\" content=\"en_GB\" \/>\n<meta property=\"og:type\" content=\"article\" \/>\n<meta property=\"og:title\" content=\"Kontakt - byKALLEVIG\" \/>\n<meta property=\"og:url\" content=\"https:\/\/bykallevig.com\/de\/contact\/\" \/>\n<meta property=\"og:site_name\" content=\"byKALLEVIG\" \/>\n<meta property=\"article:modified_time\" content=\"2020-10-26T19:49:31+00:00\" \/>\n<meta name=\"twitter:card\" content=\"summary_large_image\" \/>\n<meta name=\"twitter:label1\" content=\"Estimated reading time\" \/>\n\t<meta name=\"twitter:data1\" content=\"1 minute\" \/>\n<script type=\"application\/ld+json\" class=\"yoast-schema-graph\">{\"@context\":\"https:\/\/schema.org\",\"@graph\":[{\"@type\":\"WebPage\",\"@id\":\"https:\/\/bykallevig.com\/de\/contact\/\",\"url\":\"https:\/\/bykallevig.com\/de\/contact\/\",\"name\":\"Kontakt - byKALLEVIG\",\"isPartOf\":{\"@id\":\"https:\/\/bykallevig.com\/de\/#website\"},\"datePublished\":\"2013-08-11T19:22:53+00:00\",\"dateModified\":\"2020-10-26T19:49:31+00:00\",\"breadcrumb\":{\"@id\":\"https:\/\/bykallevig.com\/de\/contact\/#breadcrumb\"},\"inLanguage\":\"en-GB\",\"potentialAction\":[{\"@type\":\"ReadAction\",\"target\":[\"https:\/\/bykallevig.com\/de\/contact\/\"]}]},{\"@type\":\"BreadcrumbList\",\"@id\":\"https:\/\/bykallevig.com\/de\/contact\/#breadcrumb\",\"itemListElement\":[{\"@type\":\"ListItem\",\"position\":1,\"name\":\"Home\",\"item\":\"https:\/\/bykallevig.com\/de\/\"},{\"@type\":\"ListItem\",\"position\":2,\"name\":\"Kontakt\"}]},{\"@type\":\"WebSite\",\"@id\":\"https:\/\/bykallevig.com\/de\/#website\",\"url\":\"https:\/\/bykallevig.com\/de\/\",\"name\":\"byKALLEVIG\",\"description\":\"Modern &amp; Mid-Century Design Furniture\",\"potentialAction\":[{\"@type\":\"SearchAction\",\"target\":{\"@type\":\"EntryPoint\",\"urlTemplate\":\"https:\/\/bykallevig.com\/de\/?s={search_term_string}\"},\"query-input\":\"required name=search_term_string\"}],\"inLanguage\":\"en-GB\"}]}<\/script>\n<!-- \/ Yoast SEO plugin. -->","yoast_head_json":{"title":"Kontakt - byKALLEVIG","robots":{"index":"index","follow":"follow","max-snippet":"max-snippet:-1","max-image-preview":"max-image-preview:large","max-video-preview":"max-video-preview:-1"},"canonical":"https:\/\/bykallevig.com\/de\/contact\/","og_locale":"en_GB","og_type":"article","og_title":"Kontakt - byKALLEVIG","og_url":"https:\/\/bykallevig.com\/de\/contact\/","og_site_name":"byKALLEVIG","article_modified_time":"2020-10-26T19:49:31+00:00","twitter_card":"summary_large_image","twitter_misc":{"Estimated reading time":"1 minute"},"schema":{"@context":"https:\/\/schema.org","@graph":[{"@type":"WebPage","@id":"https:\/\/bykallevig.com\/de\/contact\/","url":"https:\/\/bykallevig.com\/de\/contact\/","name":"Kontakt - byKALLEVIG","isPartOf":{"@id":"https:\/\/bykallevig.com\/de\/#website"},"datePublished":"2013-08-11T19:22:53+00:00","dateModified":"2020-10-26T19:49:31+00:00","breadcrumb":{"@id":"https:\/\/bykallevig.com\/de\/contact\/#breadcrumb"},"inLanguage":"en-GB","potentialAction":[{"@type":"ReadAction","target":["https:\/\/bykallevig.com\/de\/contact\/"]}]},{"@type":"BreadcrumbList","@id":"https:\/\/bykallevig.com\/de\/contact\/#breadcrumb","itemListElement":[{"@type":"ListItem","position":1,"name":"Home","item":"https:\/\/bykallevig.com\/de\/"},{"@type":"ListItem","position":2,"name":"Kontakt"}]},{"@type":"WebSite","@id":"https:\/\/bykallevig.com\/de\/#website","url":"https:\/\/bykallevig.com\/de\/","name":"byKALLEVIG","description":"Modern &amp; Mid-Century Design Furniture","potentialAction":[{"@type":"SearchAction","target":{"@type":"EntryPoint","urlTemplate":"https:\/\/bykallevig.com\/de\/?s={search_term_string}"},"query-input":"required name=search_term_string"}],"inLanguage":"en-GB"}]}},"_links":{"self":[{"href":"https:\/\/bykallevig.com\/de\/wp-json\/wp\/v2\/pages\/87"}],"collection":[{"href":"https:\/\/bykallevig.com\/de\/wp-json\/wp\/v2\/pages"}],"about":[{"href":"https:\/\/bykallevig.com\/de\/wp-json\/wp\/v2\/types\/page"}],"author":[{"embeddable":true,"href":"https:\/\/bykallevig.com\/de\/wp-json\/wp\/v2\/users\/79"}],"replies":[{"embeddable":true,"href":"https:\/\/bykallevig.com\/de\/wp-json\/wp\/v2\/comments?post=87"}],"version-history":[{"count":38,"href":"https:\/\/bykallevig.com\/de\/wp-json\/wp\/v2\/pages\/87\/revisions"}],"predecessor-version":[{"id":594238,"href":"https:\/\/bykallevig.com\/de\/wp-json\/wp\/v2\/pages\/87\/revisions\/594238"}],"wp:attachment":[{"href":"https:\/\/bykallevig.com\/de\/wp-json\/wp\/v2\/media?parent=87"}],"curies":[{"name":"wp","href":"https:\/\/api.w.org\/{rel}","templated":true}]}}