{"id":779,"date":"2018-03-16T02:20:28","date_gmt":"2018-03-16T02:20:28","guid":{"rendered":"http:\/\/bykallevig.com\/de\/?page_id=779"},"modified":"2020-10-26T19:47:39","modified_gmt":"2020-10-26T19:47:39","slug":"payment-options","status":"publish","type":"page","link":"https:\/\/bykallevig.com\/de\/payment-options\/","title":{"rendered":"Zahlungsm\u00f6glichkeiten"},"content":{"rendered":"\t<div class=\"img has-hover x md-x lg-x y md-y lg-y\" id=\"image_473101048\">\n\t\t\t\t\t\t\t\t<div class=\"img-inner dark\" >\n\t\t\t<img width=\"1900\" height=\"500\" src=\"https:\/\/bykallevig.com\/de\/wp-content\/uploads\/2018\/03\/sitting-in-eames-chair.jpg\" class=\"attachment-original size-original\" alt=\"\" decoding=\"async\" loading=\"lazy\" srcset=\"https:\/\/bykallevig.com\/de\/wp-content\/uploads\/2018\/03\/sitting-in-eames-chair.jpg 1900w, https:\/\/bykallevig.com\/de\/wp-content\/uploads\/2018\/03\/sitting-in-eames-chair-1000x263.jpg 1000w, https:\/\/bykallevig.com\/de\/wp-content\/uploads\/2018\/03\/sitting-in-eames-chair-800x211.jpg 800w, https:\/\/bykallevig.com\/de\/wp-content\/uploads\/2018\/03\/sitting-in-eames-chair-768x202.jpg 768w, https:\/\/bykallevig.com\/de\/wp-content\/uploads\/2018\/03\/sitting-in-eames-chair-1400x368.jpg 1400w\" sizes=\"(max-width: 1900px) 100vw, 1900px\" \/>\t\t\t\t\t\t\n\t\t\t\t\t<\/div>\n\t\t\t\t\t\t\t\t\n<style>\n#image_473101048 {\n  width: 100%;\n}\n<\/style>\n\t<\/div>\n\t\n<div class=\"row\"  id=\"row-1189445110\">\n\n\t<div id=\"col-684686894\" class=\"col small-12 large-12\"  >\n\t\t\t\t<div class=\"col-inner\"  >\n\t\t\t\n\t\t\t\n<h5>Die Verpflichtung zu einem Online-Kauf ist immer mit einem gewissen Vertrauen verbunden. Hier bei byKALLEVIG verstehen wir das sehr gut und deshalb bieten wir Ihnen an, es langsam anzugehen und Ihr neues M\u00f6belst\u00fcck zu Hause zu genie\u00dfen, bevor Sie die Zahlung abschlie\u00dfen.<\/h5>\n<h5>Unsere erfahrenen Kunden sind weiterhin willkommen, bei einer Bestellung mit ihrer bevorzugten Visa oder MasterCard zu bezahlen.<\/h5>\n<div class=\"paymentoptions\">\n<div class=\"payment-icons inline-block\"><div class=\"payment-icon\"><svg version=\"1.1\" xmlns=\"http:\/\/www.w3.org\/2000\/svg\" xmlns:xlink=\"http:\/\/www.w3.org\/1999\/xlink\"  viewBox=\"0 0 64 32\">\n<path d=\"M10.781 7.688c-0.251-1.283-1.219-1.688-2.344-1.688h-8.376l-0.061 0.405c5.749 1.469 10.469 4.595 12.595 10.501l-1.813-9.219zM13.125 19.688l-0.531-2.781c-1.096-2.907-3.752-5.594-6.752-6.813l4.219 15.939h5.469l8.157-20.032h-5.501l-5.062 13.688zM27.72 26.061l3.248-20.061h-5.187l-3.251 20.061h5.189zM41.875 5.656c-5.125 0-8.717 2.72-8.749 6.624-0.032 2.877 2.563 4.469 4.531 5.439 2.032 0.968 2.688 1.624 2.688 2.499 0 1.344-1.624 1.939-3.093 1.939-2.093 0-3.219-0.251-4.875-1.032l-0.688-0.344-0.719 4.499c1.219 0.563 3.437 1.064 5.781 1.064 5.437 0.032 8.97-2.688 9.032-6.843 0-2.282-1.405-4-4.376-5.439-1.811-0.904-2.904-1.563-2.904-2.499 0-0.843 0.936-1.72 2.968-1.72 1.688-0.029 2.936 0.314 3.875 0.752l0.469 0.248 0.717-4.344c-1.032-0.406-2.656-0.844-4.656-0.844zM55.813 6c-1.251 0-2.189 0.376-2.72 1.688l-7.688 18.374h5.437c0.877-2.467 1.096-3 1.096-3 0.592 0 5.875 0 6.624 0 0 0 0.157 0.688 0.624 3h4.813l-4.187-20.061h-4zM53.405 18.938c0 0 0.437-1.157 2.064-5.594-0.032 0.032 0.437-1.157 0.688-1.907l0.374 1.72c0.968 4.781 1.189 5.781 1.189 5.781-0.813 0-3.283 0-4.315 0z\"><\/path>\n<\/svg>\n<\/div><div class=\"payment-icon\"><svg version=\"1.1\" xmlns=\"http:\/\/www.w3.org\/2000\/svg\" xmlns:xlink=\"http:\/\/www.w3.org\/1999\/xlink\"  viewBox=\"0 0 64 32\">\n<path d=\"M42.667-0c-4.099 0-7.836 1.543-10.667 4.077-2.831-2.534-6.568-4.077-10.667-4.077-8.836 0-16 7.163-16 16s7.164 16 16 16c4.099 0 7.835-1.543 10.667-4.077 2.831 2.534 6.568 4.077 10.667 4.077 8.837 0 16-7.163 16-16s-7.163-16-16-16zM11.934 19.828l0.924-5.809-2.112 5.809h-1.188v-5.809l-1.056 5.809h-1.584l1.32-7.657h2.376v4.753l1.716-4.753h2.508l-1.32 7.657h-1.585zM19.327 18.244c-0.088 0.528-0.178 0.924-0.264 1.188v0.396h-1.32v-0.66c-0.353 0.528-0.924 0.792-1.716 0.792-0.442 0-0.792-0.132-1.056-0.396-0.264-0.351-0.396-0.792-0.396-1.32 0-0.792 0.218-1.364 0.66-1.716 0.614-0.44 1.364-0.66 2.244-0.66h0.66v-0.396c0-0.351-0.353-0.528-1.056-0.528-0.442 0-1.012 0.088-1.716 0.264 0.086-0.351 0.175-0.792 0.264-1.32 0.703-0.264 1.32-0.396 1.848-0.396 1.496 0 2.244 0.616 2.244 1.848 0 0.353-0.046 0.749-0.132 1.188-0.089 0.616-0.179 1.188-0.264 1.716zM24.079 15.076c-0.264-0.086-0.66-0.132-1.188-0.132s-0.792 0.177-0.792 0.528c0 0.177 0.044 0.31 0.132 0.396l0.528 0.264c0.792 0.442 1.188 1.012 1.188 1.716 0 1.409-0.838 2.112-2.508 2.112-0.792 0-1.366-0.044-1.716-0.132 0.086-0.351 0.175-0.836 0.264-1.452 0.703 0.177 1.188 0.264 1.452 0.264 0.614 0 0.924-0.175 0.924-0.528 0-0.175-0.046-0.308-0.132-0.396-0.178-0.175-0.396-0.308-0.66-0.396-0.792-0.351-1.188-0.924-1.188-1.716 0-1.407 0.792-2.112 2.376-2.112 0.792 0 1.32 0.045 1.584 0.132l-0.265 1.451zM27.512 15.208h-0.924c0 0.442-0.046 0.838-0.132 1.188 0 0.088-0.022 0.264-0.066 0.528-0.046 0.264-0.112 0.442-0.198 0.528v0.528c0 0.353 0.175 0.528 0.528 0.528 0.175 0 0.35-0.044 0.528-0.132l-0.264 1.452c-0.264 0.088-0.66 0.132-1.188 0.132-0.881 0-1.32-0.44-1.32-1.32 0-0.528 0.086-1.099 0.264-1.716l0.66-4.225h1.584l-0.132 0.924h0.792l-0.132 1.585zM32.66 17.32h-3.3c0 0.442 0.086 0.749 0.264 0.924 0.264 0.264 0.66 0.396 1.188 0.396s1.1-0.175 1.716-0.528l-0.264 1.584c-0.442 0.177-1.012 0.264-1.716 0.264-1.848 0-2.772-0.924-2.772-2.773 0-1.142 0.264-2.024 0.792-2.64 0.528-0.703 1.188-1.056 1.98-1.056 0.703 0 1.274 0.22 1.716 0.66 0.35 0.353 0.528 0.881 0.528 1.584 0.001 0.617-0.046 1.145-0.132 1.585zM35.3 16.132c-0.264 0.97-0.484 2.201-0.66 3.697h-1.716l0.132-0.396c0.35-2.463 0.614-4.4 0.792-5.809h1.584l-0.132 0.924c0.264-0.44 0.528-0.703 0.792-0.792 0.264-0.264 0.528-0.308 0.792-0.132-0.088 0.088-0.31 0.706-0.66 1.848-0.353-0.086-0.661 0.132-0.925 0.66zM41.241 19.697c-0.353 0.177-0.838 0.264-1.452 0.264-0.881 0-1.584-0.308-2.112-0.924-0.528-0.528-0.792-1.32-0.792-2.376 0-1.32 0.35-2.42 1.056-3.3 0.614-0.879 1.496-1.32 2.64-1.32 0.44 0 1.056 0.132 1.848 0.396l-0.264 1.584c-0.528-0.264-1.012-0.396-1.452-0.396-0.707 0-1.235 0.264-1.584 0.792-0.353 0.442-0.528 1.144-0.528 2.112 0 0.616 0.132 1.056 0.396 1.32 0.264 0.353 0.614 0.528 1.056 0.528 0.44 0 0.924-0.132 1.452-0.396l-0.264 1.717zM47.115 15.868c-0.046 0.264-0.066 0.484-0.066 0.66-0.088 0.442-0.178 1.035-0.264 1.782-0.088 0.749-0.178 1.254-0.264 1.518h-1.32v-0.66c-0.353 0.528-0.924 0.792-1.716 0.792-0.442 0-0.792-0.132-1.056-0.396-0.264-0.351-0.396-0.792-0.396-1.32 0-0.792 0.218-1.364 0.66-1.716 0.614-0.44 1.32-0.66 2.112-0.66h0.66c0.086-0.086 0.132-0.218 0.132-0.396 0-0.351-0.353-0.528-1.056-0.528-0.442 0-1.012 0.088-1.716 0.264 0-0.351 0.086-0.792 0.264-1.32 0.703-0.264 1.32-0.396 1.848-0.396 1.496 0 2.245 0.616 2.245 1.848 0.001 0.089-0.021 0.264-0.065 0.529zM49.69 16.132c-0.178 0.528-0.396 1.762-0.66 3.697h-1.716l0.132-0.396c0.35-1.935 0.614-3.872 0.792-5.809h1.584c0 0.353-0.046 0.66-0.132 0.924 0.264-0.44 0.528-0.703 0.792-0.792 0.35-0.175 0.614-0.218 0.792-0.132-0.353 0.442-0.574 1.056-0.66 1.848-0.353-0.086-0.66 0.132-0.925 0.66zM54.178 19.828l0.132-0.528c-0.353 0.442-0.838 0.66-1.452 0.66-0.707 0-1.188-0.218-1.452-0.66-0.442-0.614-0.66-1.232-0.66-1.848 0-1.142 0.308-2.067 0.924-2.773 0.44-0.703 1.056-1.056 1.848-1.056 0.528 0 1.056 0.264 1.584 0.792l0.264-2.244h1.716l-1.32 7.657h-1.585zM16.159 17.98c0 0.442 0.175 0.66 0.528 0.66 0.35 0 0.614-0.132 0.792-0.396 0.264-0.264 0.396-0.66 0.396-1.188h-0.397c-0.881 0-1.32 0.31-1.32 0.924zM31.076 15.076c-0.088 0-0.178-0.043-0.264-0.132h-0.264c-0.528 0-0.881 0.353-1.056 1.056h1.848v-0.396l-0.132-0.264c-0.001-0.086-0.047-0.175-0.133-0.264zM43.617 17.98c0 0.442 0.175 0.66 0.528 0.66 0.35 0 0.614-0.132 0.792-0.396 0.264-0.264 0.396-0.66 0.396-1.188h-0.396c-0.881 0-1.32 0.31-1.32 0.924zM53.782 15.076c-0.353 0-0.66 0.22-0.924 0.66-0.178 0.264-0.264 0.749-0.264 1.452 0 0.792 0.264 1.188 0.792 1.188 0.35 0 0.66-0.175 0.924-0.528 0.264-0.351 0.396-0.879 0.396-1.584-0.001-0.792-0.311-1.188-0.925-1.188z\"><\/path>\n<\/svg>\n<\/div><\/div>\n<\/div>\n\t\t<\/div>\n\t\t\t\t\t<\/div>\n\n\t\n<\/div>\n","protected":false},"excerpt":{"rendered":"","protected":false},"author":79,"featured_media":0,"parent":0,"menu_order":0,"comment_status":"closed","ping_status":"closed","template":"page-blank.php","meta":{"footnotes":""},"yoast_head":"<!-- This site is optimized with the Yoast SEO plugin v22.6 - https:\/\/yoast.com\/wordpress\/plugins\/seo\/ -->\n<title>Zahlungsm\u00f6glichkeiten - byKALLEVIG<\/title>\n<meta name=\"robots\" content=\"index, follow, max-snippet:-1, max-image-preview:large, max-video-preview:-1\" \/>\n<link rel=\"canonical\" href=\"https:\/\/bykallevig.com\/de\/payment-options\/\" \/>\n<meta property=\"og:locale\" content=\"en_GB\" \/>\n<meta property=\"og:type\" content=\"article\" \/>\n<meta property=\"og:title\" content=\"Zahlungsm\u00f6glichkeiten - byKALLEVIG\" \/>\n<meta property=\"og:url\" content=\"https:\/\/bykallevig.com\/de\/payment-options\/\" \/>\n<meta property=\"og:site_name\" content=\"byKALLEVIG\" \/>\n<meta property=\"article:modified_time\" content=\"2020-10-26T19:47:39+00:00\" \/>\n<meta name=\"twitter:card\" content=\"summary_large_image\" \/>\n<script type=\"application\/ld+json\" class=\"yoast-schema-graph\">{\"@context\":\"https:\/\/schema.org\",\"@graph\":[{\"@type\":\"WebPage\",\"@id\":\"https:\/\/bykallevig.com\/de\/payment-options\/\",\"url\":\"https:\/\/bykallevig.com\/de\/payment-options\/\",\"name\":\"Zahlungsm\u00f6glichkeiten - byKALLEVIG\",\"isPartOf\":{\"@id\":\"https:\/\/bykallevig.com\/de\/#website\"},\"datePublished\":\"2018-03-16T02:20:28+00:00\",\"dateModified\":\"2020-10-26T19:47:39+00:00\",\"breadcrumb\":{\"@id\":\"https:\/\/bykallevig.com\/de\/payment-options\/#breadcrumb\"},\"inLanguage\":\"en-GB\",\"potentialAction\":[{\"@type\":\"ReadAction\",\"target\":[\"https:\/\/bykallevig.com\/de\/payment-options\/\"]}]},{\"@type\":\"BreadcrumbList\",\"@id\":\"https:\/\/bykallevig.com\/de\/payment-options\/#breadcrumb\",\"itemListElement\":[{\"@type\":\"ListItem\",\"position\":1,\"name\":\"Home\",\"item\":\"https:\/\/bykallevig.com\/de\/\"},{\"@type\":\"ListItem\",\"position\":2,\"name\":\"Zahlungsm\u00f6glichkeiten\"}]},{\"@type\":\"WebSite\",\"@id\":\"https:\/\/bykallevig.com\/de\/#website\",\"url\":\"https:\/\/bykallevig.com\/de\/\",\"name\":\"byKALLEVIG\",\"description\":\"Modern &amp; Mid-Century Design Furniture\",\"potentialAction\":[{\"@type\":\"SearchAction\",\"target\":{\"@type\":\"EntryPoint\",\"urlTemplate\":\"https:\/\/bykallevig.com\/de\/?s={search_term_string}\"},\"query-input\":\"required name=search_term_string\"}],\"inLanguage\":\"en-GB\"}]}<\/script>\n<!-- \/ Yoast SEO plugin. -->","yoast_head_json":{"title":"Zahlungsm\u00f6glichkeiten - byKALLEVIG","robots":{"index":"index","follow":"follow","max-snippet":"max-snippet:-1","max-image-preview":"max-image-preview:large","max-video-preview":"max-video-preview:-1"},"canonical":"https:\/\/bykallevig.com\/de\/payment-options\/","og_locale":"en_GB","og_type":"article","og_title":"Zahlungsm\u00f6glichkeiten - byKALLEVIG","og_url":"https:\/\/bykallevig.com\/de\/payment-options\/","og_site_name":"byKALLEVIG","article_modified_time":"2020-10-26T19:47:39+00:00","twitter_card":"summary_large_image","schema":{"@context":"https:\/\/schema.org","@graph":[{"@type":"WebPage","@id":"https:\/\/bykallevig.com\/de\/payment-options\/","url":"https:\/\/bykallevig.com\/de\/payment-options\/","name":"Zahlungsm\u00f6glichkeiten - byKALLEVIG","isPartOf":{"@id":"https:\/\/bykallevig.com\/de\/#website"},"datePublished":"2018-03-16T02:20:28+00:00","dateModified":"2020-10-26T19:47:39+00:00","breadcrumb":{"@id":"https:\/\/bykallevig.com\/de\/payment-options\/#breadcrumb"},"inLanguage":"en-GB","potentialAction":[{"@type":"ReadAction","target":["https:\/\/bykallevig.com\/de\/payment-options\/"]}]},{"@type":"BreadcrumbList","@id":"https:\/\/bykallevig.com\/de\/payment-options\/#breadcrumb","itemListElement":[{"@type":"ListItem","position":1,"name":"Home","item":"https:\/\/bykallevig.com\/de\/"},{"@type":"ListItem","position":2,"name":"Zahlungsm\u00f6glichkeiten"}]},{"@type":"WebSite","@id":"https:\/\/bykallevig.com\/de\/#website","url":"https:\/\/bykallevig.com\/de\/","name":"byKALLEVIG","description":"Modern &amp; Mid-Century Design Furniture","potentialAction":[{"@type":"SearchAction","target":{"@type":"EntryPoint","urlTemplate":"https:\/\/bykallevig.com\/de\/?s={search_term_string}"},"query-input":"required name=search_term_string"}],"inLanguage":"en-GB"}]}},"_links":{"self":[{"href":"https:\/\/bykallevig.com\/de\/wp-json\/wp\/v2\/pages\/779"}],"collection":[{"href":"https:\/\/bykallevig.com\/de\/wp-json\/wp\/v2\/pages"}],"about":[{"href":"https:\/\/bykallevig.com\/de\/wp-json\/wp\/v2\/types\/page"}],"author":[{"embeddable":true,"href":"https:\/\/bykallevig.com\/de\/wp-json\/wp\/v2\/users\/79"}],"replies":[{"embeddable":true,"href":"https:\/\/bykallevig.com\/de\/wp-json\/wp\/v2\/comments?post=779"}],"version-history":[{"count":29,"href":"https:\/\/bykallevig.com\/de\/wp-json\/wp\/v2\/pages\/779\/revisions"}],"predecessor-version":[{"id":594237,"href":"https:\/\/bykallevig.com\/de\/wp-json\/wp\/v2\/pages\/779\/revisions\/594237"}],"wp:attachment":[{"href":"https:\/\/bykallevig.com\/de\/wp-json\/wp\/v2\/media?parent=779"}],"curies":[{"name":"wp","href":"https:\/\/api.w.org\/{rel}","templated":true}]}}