{"id":2846,"date":"2018-03-27T12:07:01","date_gmt":"2018-03-27T12:07:01","guid":{"rendered":"http:\/\/bykallevig.com\/de\/?page_id=2846"},"modified":"2020-10-26T19:42:00","modified_gmt":"2020-10-26T19:42:00","slug":"customer-gallery","status":"publish","type":"page","link":"https:\/\/bykallevig.com\/de\/customer-gallery\/","title":{"rendered":"Kundengalerie"},"content":{"rendered":"<h1>Mehr als 6.500 zufriedene Kunden<\/h1>\n<p>byKALLEVIG-M\u00f6bel haben ihren Platz bereits in mehr als 6.500 stilvollen Wohnungen in ganz Europa gefunden. Einige unserer zufriedenen Kunden waren so freundlich, Fotos ihrer unglaublich stilvollen Innenr\u00e4ume zu teilen. Wir lieben es, diese geschickt zu bekommen und zu wissen, dass unsere Designs gefallen und genutzt werden. Hier ist eine Auswahl, von der wir hoffen, dass sie auch Ihnen Anregungen gibt! Haben auch Sie ein stilvolles Interieur mit byKALLEVIG-St\u00fccken, das Sie gerne teilen m\u00f6chten? Z\u00f6gern Sie nicht, uns ein oder zwei Bilder per E-Mail zu zu schicken! Wir w\u00fcrden uns freuen!<\/p>\n<div class=\"row\"  id=\"row-663283658\">\n\n\t<div id=\"col-1413272038\" class=\"col medium-6 small-12 large-6\"  >\n\t\t\t\t<div class=\"col-inner\"  >\n\t\t\t\n\t\t\t\n\t<div class=\"img has-hover x md-x lg-x y md-y lg-y\" id=\"image_2093878166\">\n\t\t\t\t\t\t\t\t<div class=\"img-inner dark\" >\n\t\t\t<img width=\"800\" height=\"530\" src=\"https:\/\/bykallevig.com\/de\/wp-content\/uploads\/2019\/06\/customer-gallery-1-1.jpg\" class=\"attachment-large size-large\" alt=\"\" decoding=\"async\" loading=\"lazy\" srcset=\"https:\/\/bykallevig.com\/de\/wp-content\/uploads\/2019\/06\/customer-gallery-1-1.jpg 800w, https:\/\/bykallevig.com\/de\/wp-content\/uploads\/2019\/06\/customer-gallery-1-1-604x400.jpg 604w, https:\/\/bykallevig.com\/de\/wp-content\/uploads\/2019\/06\/customer-gallery-1-1-768x509.jpg 768w, https:\/\/bykallevig.com\/de\/wp-content\/uploads\/2019\/06\/customer-gallery-1-1-510x338.jpg 510w\" sizes=\"(max-width: 800px) 100vw, 800px\" \/>\t\t\t\t\t\t\n\t\t\t\t\t<\/div>\n\t\t\t\t\t\t\t\t\n<style>\n#image_2093878166 {\n  width: 100%;\n}\n<\/style>\n\t<\/div>\n\t\n<p>Gabriele | M\u00fcnchen<\/p>\n\t\t<\/div>\n\t\t\t\t\t<\/div>\n\n\t\n\n\t<div id=\"col-59405251\" class=\"col medium-6 small-12 large-6\"  >\n\t\t\t\t<div class=\"col-inner\"  >\n\t\t\t\n\t\t\t\n\t<div class=\"img has-hover x md-x lg-x y md-y lg-y\" id=\"image_222955643\">\n\t\t\t\t\t\t\t\t<div class=\"img-inner dark\" >\n\t\t\t<img width=\"800\" height=\"530\" src=\"https:\/\/bykallevig.com\/de\/wp-content\/uploads\/2019\/06\/customer-gallery-2-1.jpg\" class=\"attachment-large size-large\" alt=\"\" decoding=\"async\" loading=\"lazy\" srcset=\"https:\/\/bykallevig.com\/de\/wp-content\/uploads\/2019\/06\/customer-gallery-2-1.jpg 800w, https:\/\/bykallevig.com\/de\/wp-content\/uploads\/2019\/06\/customer-gallery-2-1-604x400.jpg 604w, https:\/\/bykallevig.com\/de\/wp-content\/uploads\/2019\/06\/customer-gallery-2-1-768x509.jpg 768w, https:\/\/bykallevig.com\/de\/wp-content\/uploads\/2019\/06\/customer-gallery-2-1-510x338.jpg 510w\" sizes=\"(max-width: 800px) 100vw, 800px\" \/>\t\t\t\t\t\t\n\t\t\t\t\t<\/div>\n\t\t\t\t\t\t\t\t\n<style>\n#image_222955643 {\n  width: 100%;\n}\n<\/style>\n\t<\/div>\n\t\n<p>Daniel | Berlin<\/p>\n\t\t<\/div>\n\t\t\t\t\t<\/div>\n\n\t\n<\/div>\n<div class=\"row\"  id=\"row-1199663868\">\n\n\t<div id=\"col-1325428239\" class=\"col medium-6 small-12 large-6\"  >\n\t\t\t\t<div class=\"col-inner\"  >\n\t\t\t\n\t\t\t\n\t<div class=\"img has-hover x md-x lg-x y md-y lg-y\" id=\"image_1268354704\">\n\t\t\t\t\t\t\t\t<div class=\"img-inner dark\" >\n\t\t\t<img width=\"800\" height=\"530\" src=\"https:\/\/bykallevig.com\/de\/wp-content\/uploads\/2019\/06\/customer-gallery-3-1.jpg\" class=\"attachment-large size-large\" alt=\"\" decoding=\"async\" loading=\"lazy\" srcset=\"https:\/\/bykallevig.com\/de\/wp-content\/uploads\/2019\/06\/customer-gallery-3-1.jpg 800w, https:\/\/bykallevig.com\/de\/wp-content\/uploads\/2019\/06\/customer-gallery-3-1-604x400.jpg 604w, https:\/\/bykallevig.com\/de\/wp-content\/uploads\/2019\/06\/customer-gallery-3-1-768x509.jpg 768w, https:\/\/bykallevig.com\/de\/wp-content\/uploads\/2019\/06\/customer-gallery-3-1-510x338.jpg 510w\" sizes=\"(max-width: 800px) 100vw, 800px\" \/>\t\t\t\t\t\t\n\t\t\t\t\t<\/div>\n\t\t\t\t\t\t\t\t\n<style>\n#image_1268354704 {\n  width: 100%;\n}\n<\/style>\n\t<\/div>\n\t\n<p>Sofia | Hamburg<\/p>\n\t\t<\/div>\n\t\t\t\t\t<\/div>\n\n\t\n\n\t<div id=\"col-423678865\" class=\"col medium-6 small-12 large-6\"  >\n\t\t\t\t<div class=\"col-inner\"  >\n\t\t\t\n\t\t\t\n\t<div class=\"img has-hover x md-x lg-x y md-y lg-y\" id=\"image_970587028\">\n\t\t\t\t\t\t\t\t<div class=\"img-inner dark\" >\n\t\t\t<img width=\"800\" height=\"530\" src=\"https:\/\/bykallevig.com\/de\/wp-content\/uploads\/2019\/06\/customer-gallery-4-1.jpg\" class=\"attachment-large size-large\" alt=\"\" decoding=\"async\" loading=\"lazy\" srcset=\"https:\/\/bykallevig.com\/de\/wp-content\/uploads\/2019\/06\/customer-gallery-4-1.jpg 800w, https:\/\/bykallevig.com\/de\/wp-content\/uploads\/2019\/06\/customer-gallery-4-1-604x400.jpg 604w, https:\/\/bykallevig.com\/de\/wp-content\/uploads\/2019\/06\/customer-gallery-4-1-768x509.jpg 768w, https:\/\/bykallevig.com\/de\/wp-content\/uploads\/2019\/06\/customer-gallery-4-1-510x338.jpg 510w\" sizes=\"(max-width: 800px) 100vw, 800px\" \/>\t\t\t\t\t\t\n\t\t\t\t\t<\/div>\n\t\t\t\t\t\t\t\t\n<style>\n#image_970587028 {\n  width: 100%;\n}\n<\/style>\n\t<\/div>\n\t\n<p>Erika | Erfurt<\/p>\n\t\t<\/div>\n\t\t\t\t\t<\/div>\n\n\t\n<\/div>\n<div class=\"row\"  id=\"row-1547498824\">\n\n\t<div id=\"col-308915191\" class=\"col medium-6 small-12 large-6\"  >\n\t\t\t\t<div class=\"col-inner\"  >\n\t\t\t\n\t\t\t\n\t<div class=\"img has-hover x md-x lg-x y md-y lg-y\" id=\"image_1715964477\">\n\t\t\t\t\t\t\t\t<div class=\"img-inner dark\" >\n\t\t\t<img width=\"800\" height=\"530\" src=\"https:\/\/bykallevig.com\/de\/wp-content\/uploads\/2019\/06\/customer-gallery-5-1.jpg\" class=\"attachment-large size-large\" alt=\"\" decoding=\"async\" loading=\"lazy\" srcset=\"https:\/\/bykallevig.com\/de\/wp-content\/uploads\/2019\/06\/customer-gallery-5-1.jpg 800w, https:\/\/bykallevig.com\/de\/wp-content\/uploads\/2019\/06\/customer-gallery-5-1-604x400.jpg 604w, https:\/\/bykallevig.com\/de\/wp-content\/uploads\/2019\/06\/customer-gallery-5-1-768x509.jpg 768w, https:\/\/bykallevig.com\/de\/wp-content\/uploads\/2019\/06\/customer-gallery-5-1-510x338.jpg 510w\" sizes=\"(max-width: 800px) 100vw, 800px\" \/>\t\t\t\t\t\t\n\t\t\t\t\t<\/div>\n\t\t\t\t\t\t\t\t\n<style>\n#image_1715964477 {\n  width: 100%;\n}\n<\/style>\n\t<\/div>\n\t\n<p>Sebastian | Kassel<\/p>\n\t\t<\/div>\n\t\t\t\t\t<\/div>\n\n\t\n\n\t<div id=\"col-159317817\" class=\"col medium-6 small-12 large-6\"  >\n\t\t\t\t<div class=\"col-inner\"  >\n\t\t\t\n\t\t\t\n\t<div class=\"img has-hover x md-x lg-x y md-y lg-y\" id=\"image_435312106\">\n\t\t\t\t\t\t\t\t<div class=\"img-inner dark\" >\n\t\t\t<img width=\"800\" height=\"530\" src=\"https:\/\/bykallevig.com\/de\/wp-content\/uploads\/2019\/06\/customer-gallery-6-1.jpg\" class=\"attachment-large size-large\" alt=\"\" decoding=\"async\" loading=\"lazy\" srcset=\"https:\/\/bykallevig.com\/de\/wp-content\/uploads\/2019\/06\/customer-gallery-6-1.jpg 800w, https:\/\/bykallevig.com\/de\/wp-content\/uploads\/2019\/06\/customer-gallery-6-1-604x400.jpg 604w, https:\/\/bykallevig.com\/de\/wp-content\/uploads\/2019\/06\/customer-gallery-6-1-768x509.jpg 768w, https:\/\/bykallevig.com\/de\/wp-content\/uploads\/2019\/06\/customer-gallery-6-1-510x338.jpg 510w\" sizes=\"(max-width: 800px) 100vw, 800px\" \/>\t\t\t\t\t\t\n\t\t\t\t\t<\/div>\n\t\t\t\t\t\t\t\t\n<style>\n#image_435312106 {\n  width: 100%;\n}\n<\/style>\n\t<\/div>\n\t\n<p>Anna | Berlin<\/p>\n\t\t<\/div>\n\t\t\t\t\t<\/div>\n\n\t\n\n\t<div id=\"col-1907634348\" class=\"col small-12 large-12\"  >\n\t\t\t\t<div class=\"col-inner\"  >\n\t\t\t\n\t\t\t\n\n  \n    <div class=\"row large-columns-4 medium-columns-3 small-columns-2 row-small slider row-slider slider-nav-reveal slider-nav-push\"  data-flickity-options='{\"imagesLoaded\": true, \"groupCells\": \"100%\", \"dragThreshold\" : 5, \"cellAlign\": \"left\",\"wrapAround\": true,\"prevNextButtons\": true,\"percentPosition\": true,\"pageDots\": false, \"rightToLeft\": false, \"autoPlay\" : false}'>\n\n  \t<\/div>\n\t\t<\/div>\n\t\t\t\t\t<\/div>\n\n\t\n<\/div>\n","protected":false},"excerpt":{"rendered":"<p>Mehr als 6.500 zufriedene Kunden byKALLEVIG-M\u00f6bel haben ihren Platz bereits in mehr als 6.500 stilvollen Wohnungen in ganz Europa gefunden. Einige unserer zufriedenen Kunden waren so freundlich, Fotos ihrer unglaublich stilvollen Innenr\u00e4ume zu teilen. Wir lieben es, diese geschickt zu bekommen und zu wissen, dass unsere Designs gefallen und genutzt werden. Hier ist eine Auswahl, [&#8230;]\n","protected":false},"author":79,"featured_media":0,"parent":0,"menu_order":0,"comment_status":"closed","ping_status":"closed","template":"","meta":{"footnotes":""},"yoast_head":"<!-- This site is optimized with the Yoast SEO plugin v22.6 - https:\/\/yoast.com\/wordpress\/plugins\/seo\/ -->\n<title>Kundengalerie - byKALLEVIG<\/title>\n<meta name=\"robots\" content=\"index, follow, max-snippet:-1, max-image-preview:large, max-video-preview:-1\" \/>\n<link rel=\"canonical\" href=\"https:\/\/bykallevig.com\/de\/customer-gallery\/\" \/>\n<meta property=\"og:locale\" content=\"en_GB\" \/>\n<meta property=\"og:type\" content=\"article\" \/>\n<meta property=\"og:title\" content=\"Kundengalerie - byKALLEVIG\" \/>\n<meta property=\"og:description\" content=\"Mehr als 6.500 zufriedene Kunden byKALLEVIG-M\u00f6bel haben ihren Platz bereits in mehr als 6.500 stilvollen Wohnungen in ganz Europa gefunden. Einige unserer zufriedenen Kunden waren so freundlich, Fotos ihrer unglaublich stilvollen Innenr\u00e4ume zu teilen. Wir lieben es, diese geschickt zu bekommen und zu wissen, dass unsere Designs gefallen und genutzt werden. Hier ist eine Auswahl, [...]\" \/>\n<meta property=\"og:url\" content=\"https:\/\/bykallevig.com\/de\/customer-gallery\/\" \/>\n<meta property=\"og:site_name\" content=\"byKALLEVIG\" \/>\n<meta property=\"article:modified_time\" content=\"2020-10-26T19:42:00+00:00\" \/>\n<meta name=\"twitter:card\" content=\"summary_large_image\" \/>\n<meta name=\"twitter:label1\" content=\"Estimated reading time\" \/>\n\t<meta name=\"twitter:data1\" content=\"1 minute\" \/>\n<script type=\"application\/ld+json\" class=\"yoast-schema-graph\">{\"@context\":\"https:\/\/schema.org\",\"@graph\":[{\"@type\":\"WebPage\",\"@id\":\"https:\/\/bykallevig.com\/de\/customer-gallery\/\",\"url\":\"https:\/\/bykallevig.com\/de\/customer-gallery\/\",\"name\":\"Kundengalerie - byKALLEVIG\",\"isPartOf\":{\"@id\":\"https:\/\/bykallevig.com\/de\/#website\"},\"datePublished\":\"2018-03-27T12:07:01+00:00\",\"dateModified\":\"2020-10-26T19:42:00+00:00\",\"breadcrumb\":{\"@id\":\"https:\/\/bykallevig.com\/de\/customer-gallery\/#breadcrumb\"},\"inLanguage\":\"en-GB\",\"potentialAction\":[{\"@type\":\"ReadAction\",\"target\":[\"https:\/\/bykallevig.com\/de\/customer-gallery\/\"]}]},{\"@type\":\"BreadcrumbList\",\"@id\":\"https:\/\/bykallevig.com\/de\/customer-gallery\/#breadcrumb\",\"itemListElement\":[{\"@type\":\"ListItem\",\"position\":1,\"name\":\"Home\",\"item\":\"https:\/\/bykallevig.com\/de\/\"},{\"@type\":\"ListItem\",\"position\":2,\"name\":\"Kundengalerie\"}]},{\"@type\":\"WebSite\",\"@id\":\"https:\/\/bykallevig.com\/de\/#website\",\"url\":\"https:\/\/bykallevig.com\/de\/\",\"name\":\"byKALLEVIG\",\"description\":\"Modern &amp; Mid-Century Design Furniture\",\"potentialAction\":[{\"@type\":\"SearchAction\",\"target\":{\"@type\":\"EntryPoint\",\"urlTemplate\":\"https:\/\/bykallevig.com\/de\/?s={search_term_string}\"},\"query-input\":\"required name=search_term_string\"}],\"inLanguage\":\"en-GB\"}]}<\/script>\n<!-- \/ Yoast SEO plugin. -->","yoast_head_json":{"title":"Kundengalerie - byKALLEVIG","robots":{"index":"index","follow":"follow","max-snippet":"max-snippet:-1","max-image-preview":"max-image-preview:large","max-video-preview":"max-video-preview:-1"},"canonical":"https:\/\/bykallevig.com\/de\/customer-gallery\/","og_locale":"en_GB","og_type":"article","og_title":"Kundengalerie - byKALLEVIG","og_description":"Mehr als 6.500 zufriedene Kunden byKALLEVIG-M\u00f6bel haben ihren Platz bereits in mehr als 6.500 stilvollen Wohnungen in ganz Europa gefunden. Einige unserer zufriedenen Kunden waren so freundlich, Fotos ihrer unglaublich stilvollen Innenr\u00e4ume zu teilen. Wir lieben es, diese geschickt zu bekommen und zu wissen, dass unsere Designs gefallen und genutzt werden. Hier ist eine Auswahl, [...]","og_url":"https:\/\/bykallevig.com\/de\/customer-gallery\/","og_site_name":"byKALLEVIG","article_modified_time":"2020-10-26T19:42:00+00:00","twitter_card":"summary_large_image","twitter_misc":{"Estimated reading time":"1 minute"},"schema":{"@context":"https:\/\/schema.org","@graph":[{"@type":"WebPage","@id":"https:\/\/bykallevig.com\/de\/customer-gallery\/","url":"https:\/\/bykallevig.com\/de\/customer-gallery\/","name":"Kundengalerie - byKALLEVIG","isPartOf":{"@id":"https:\/\/bykallevig.com\/de\/#website"},"datePublished":"2018-03-27T12:07:01+00:00","dateModified":"2020-10-26T19:42:00+00:00","breadcrumb":{"@id":"https:\/\/bykallevig.com\/de\/customer-gallery\/#breadcrumb"},"inLanguage":"en-GB","potentialAction":[{"@type":"ReadAction","target":["https:\/\/bykallevig.com\/de\/customer-gallery\/"]}]},{"@type":"BreadcrumbList","@id":"https:\/\/bykallevig.com\/de\/customer-gallery\/#breadcrumb","itemListElement":[{"@type":"ListItem","position":1,"name":"Home","item":"https:\/\/bykallevig.com\/de\/"},{"@type":"ListItem","position":2,"name":"Kundengalerie"}]},{"@type":"WebSite","@id":"https:\/\/bykallevig.com\/de\/#website","url":"https:\/\/bykallevig.com\/de\/","name":"byKALLEVIG","description":"Modern &amp; Mid-Century Design Furniture","potentialAction":[{"@type":"SearchAction","target":{"@type":"EntryPoint","urlTemplate":"https:\/\/bykallevig.com\/de\/?s={search_term_string}"},"query-input":"required name=search_term_string"}],"inLanguage":"en-GB"}]}},"_links":{"self":[{"href":"https:\/\/bykallevig.com\/de\/wp-json\/wp\/v2\/pages\/2846"}],"collection":[{"href":"https:\/\/bykallevig.com\/de\/wp-json\/wp\/v2\/pages"}],"about":[{"href":"https:\/\/bykallevig.com\/de\/wp-json\/wp\/v2\/types\/page"}],"author":[{"embeddable":true,"href":"https:\/\/bykallevig.com\/de\/wp-json\/wp\/v2\/users\/79"}],"replies":[{"embeddable":true,"href":"https:\/\/bykallevig.com\/de\/wp-json\/wp\/v2\/comments?post=2846"}],"version-history":[{"count":27,"href":"https:\/\/bykallevig.com\/de\/wp-json\/wp\/v2\/pages\/2846\/revisions"}],"predecessor-version":[{"id":594231,"href":"https:\/\/bykallevig.com\/de\/wp-json\/wp\/v2\/pages\/2846\/revisions\/594231"}],"wp:attachment":[{"href":"https:\/\/bykallevig.com\/de\/wp-json\/wp\/v2\/media?parent=2846"}],"curies":[{"name":"wp","href":"https:\/\/api.w.org\/{rel}","templated":true}]}}