{"id":2841,"date":"2018-03-27T12:02:52","date_gmt":"2018-03-27T12:02:52","guid":{"rendered":"http:\/\/bykallevig.com\/de\/?page_id=2841"},"modified":"2019-06-28T09:09:49","modified_gmt":"2019-06-28T09:09:49","slug":"our-guarantee","status":"publish","type":"page","link":"https:\/\/bykallevig.com\/de\/our-guarantee\/","title":{"rendered":"Unsere Garantie"},"content":{"rendered":"\t<div class=\"img has-hover x md-x lg-x y md-y lg-y\" id=\"image_2034954374\">\n\t\t\t\t\t\t\t\t<div class=\"img-inner dark\" >\n\t\t\t<img width=\"1500\" height=\"500\" src=\"https:\/\/bykallevig.com\/de\/wp-content\/uploads\/2019\/06\/our-guarantee.jpg\" class=\"attachment-original size-original\" alt=\"\" decoding=\"async\" loading=\"lazy\" srcset=\"https:\/\/bykallevig.com\/de\/wp-content\/uploads\/2019\/06\/our-guarantee.jpg 1500w, https:\/\/bykallevig.com\/de\/wp-content\/uploads\/2019\/06\/our-guarantee-1000x333.jpg 1000w, https:\/\/bykallevig.com\/de\/wp-content\/uploads\/2019\/06\/our-guarantee-800x267.jpg 800w, https:\/\/bykallevig.com\/de\/wp-content\/uploads\/2019\/06\/our-guarantee-768x256.jpg 768w, https:\/\/bykallevig.com\/de\/wp-content\/uploads\/2019\/06\/our-guarantee-1400x467.jpg 1400w\" sizes=\"(max-width: 1500px) 100vw, 1500px\" \/>\t\t\t\t\t\t\n\t\t\t\t\t<\/div>\n\t\t\t\t\t\t\t\t\n<style>\n#image_2034954374 {\n  width: 100%;\n}\n<\/style>\n\t<\/div>\n\t\n<div class=\"row\"  id=\"row-127425004\">\n\n\t<div id=\"col-410504434\" class=\"col small-12 large-12\"  >\n\t\t\t\t<div class=\"col-inner\"  >\n\t\t\t\n\t\t\t\n<h1>Unsere Garantie<\/h1>\n<p>Der Kauf von M\u00f6beln ist eine langfristige Verpflichtung, so dass es keine leichte Entscheidung ist, ein spezielles Design zu finden. Und wenn Sie einmal Ihre Wahl getroffen haben, ist es nur verst\u00e4ndlich, dass Sie erwarten, dass Ihr neues Herzst\u00fcck viele Jahre lang h\u00e4lt. Das verstehen wir vollkommen. Und um unser klares Bekenntnis zur Premium-Qualit\u00e4t aller unserer Produkte weiter zu unterstreichen, haben wir darauf geachtet, dass jedes einzelne Produkt mit einer Vollgarantie \u00fcber einen Zeitraum von 5 Jahren ausgestattet ist.<\/p>\n<p>Mit einem Team von Ingenieuren und Materialwissenschaftlern, das jede Charge von Rohstoffen, die f\u00fcr die Herstellung unserer Entw\u00fcrfe verwendet werden, sorgf\u00e4ltig untersucht und strenge Qualit\u00e4tskontrollverfahren an zwei entscheidenden Punkten in unserer Lieferkette durchf\u00fchrt, haben wir absolutes Vertrauen in die erstklassige Qualit\u00e4t unserer Entw\u00fcrfe.<\/p>\n<h2>Gibt es noch etwas anderes im Kleingedruckten?<\/h2>\n<p>Kein Grund zur Sorge, unsere detaillierte Richtlinie zur Gew\u00e4hrleistung liefert Ihnen nur einige zus\u00e4tzliche Details, die Sie vor dem Kauf beachten sollten. In einem unwahrscheinlichen Szenario, in dem Sie mit Ihrem neuen Design nicht ganz zufrieden sind, k\u00f6nnen Sie sich gerne an uns wenden und wir werden Ihnen helfen, eine Reklamation einzureichen. Der ganze Prozess ist sehr einfach und wir sind immer bestrebt, eine L\u00f6sung zu finden, die f\u00fcr uns beide funktioniert.<\/p>\n<h2>Was ist nicht von der Garantie abgedeckt?<\/h2>\n<p>Unsere Garantie gilt ausnahmslos f\u00fcr jedes einzelne unserer Produkte. Es deckt alle Produktionsfehler sowie alle Probleme ab, die durch die geringe Qualit\u00e4t des Materials oder eine schlechte Verarbeitung verursacht werden. Mit anderen Worten, wenn Ihr Produkt besch\u00e4digt wird, wird das Problem durch die Garantie abgedeckt, solange Sie es ordnungsgem\u00e4\u00df verwendet haben. Das bedeutet, dass wir die Sch\u00e4den, die durch Missbrauch, Unf\u00e4lle, Auspacken oder angemessene Abnutzung entstehen, nicht abdecken k\u00f6nnen.<\/p>\n\t\t<\/div>\n\t\t\t\t\t<\/div>\n\n\t\n<\/div>\n","protected":false},"excerpt":{"rendered":"","protected":false},"author":79,"featured_media":0,"parent":0,"menu_order":0,"comment_status":"closed","ping_status":"closed","template":"page-blank.php","meta":{"footnotes":""},"yoast_head":"<!-- This site is optimized with the Yoast SEO plugin v22.6 - https:\/\/yoast.com\/wordpress\/plugins\/seo\/ -->\n<title>Unsere Garantie - byKALLEVIG<\/title>\n<meta name=\"robots\" content=\"index, follow, max-snippet:-1, max-image-preview:large, max-video-preview:-1\" \/>\n<link rel=\"canonical\" href=\"https:\/\/bykallevig.com\/de\/our-guarantee\/\" \/>\n<meta property=\"og:locale\" content=\"en_GB\" \/>\n<meta property=\"og:type\" content=\"article\" \/>\n<meta property=\"og:title\" content=\"Unsere Garantie - byKALLEVIG\" \/>\n<meta property=\"og:url\" content=\"https:\/\/bykallevig.com\/de\/our-guarantee\/\" \/>\n<meta property=\"og:site_name\" content=\"byKALLEVIG\" \/>\n<meta property=\"article:modified_time\" content=\"2019-06-28T09:09:49+00:00\" \/>\n<meta name=\"twitter:card\" content=\"summary_large_image\" \/>\n<meta name=\"twitter:label1\" content=\"Estimated reading time\" \/>\n\t<meta name=\"twitter:data1\" content=\"2 minutes\" \/>\n<script type=\"application\/ld+json\" class=\"yoast-schema-graph\">{\"@context\":\"https:\/\/schema.org\",\"@graph\":[{\"@type\":\"WebPage\",\"@id\":\"https:\/\/bykallevig.com\/de\/our-guarantee\/\",\"url\":\"https:\/\/bykallevig.com\/de\/our-guarantee\/\",\"name\":\"Unsere Garantie - byKALLEVIG\",\"isPartOf\":{\"@id\":\"https:\/\/bykallevig.com\/de\/#website\"},\"datePublished\":\"2018-03-27T12:02:52+00:00\",\"dateModified\":\"2019-06-28T09:09:49+00:00\",\"breadcrumb\":{\"@id\":\"https:\/\/bykallevig.com\/de\/our-guarantee\/#breadcrumb\"},\"inLanguage\":\"en-GB\",\"potentialAction\":[{\"@type\":\"ReadAction\",\"target\":[\"https:\/\/bykallevig.com\/de\/our-guarantee\/\"]}]},{\"@type\":\"BreadcrumbList\",\"@id\":\"https:\/\/bykallevig.com\/de\/our-guarantee\/#breadcrumb\",\"itemListElement\":[{\"@type\":\"ListItem\",\"position\":1,\"name\":\"Home\",\"item\":\"https:\/\/bykallevig.com\/de\/\"},{\"@type\":\"ListItem\",\"position\":2,\"name\":\"Unsere Garantie\"}]},{\"@type\":\"WebSite\",\"@id\":\"https:\/\/bykallevig.com\/de\/#website\",\"url\":\"https:\/\/bykallevig.com\/de\/\",\"name\":\"byKALLEVIG\",\"description\":\"Modern &amp; Mid-Century Design Furniture\",\"potentialAction\":[{\"@type\":\"SearchAction\",\"target\":{\"@type\":\"EntryPoint\",\"urlTemplate\":\"https:\/\/bykallevig.com\/de\/?s={search_term_string}\"},\"query-input\":\"required name=search_term_string\"}],\"inLanguage\":\"en-GB\"}]}<\/script>\n<!-- \/ Yoast SEO plugin. -->","yoast_head_json":{"title":"Unsere Garantie - byKALLEVIG","robots":{"index":"index","follow":"follow","max-snippet":"max-snippet:-1","max-image-preview":"max-image-preview:large","max-video-preview":"max-video-preview:-1"},"canonical":"https:\/\/bykallevig.com\/de\/our-guarantee\/","og_locale":"en_GB","og_type":"article","og_title":"Unsere Garantie - byKALLEVIG","og_url":"https:\/\/bykallevig.com\/de\/our-guarantee\/","og_site_name":"byKALLEVIG","article_modified_time":"2019-06-28T09:09:49+00:00","twitter_card":"summary_large_image","twitter_misc":{"Estimated reading time":"2 minutes"},"schema":{"@context":"https:\/\/schema.org","@graph":[{"@type":"WebPage","@id":"https:\/\/bykallevig.com\/de\/our-guarantee\/","url":"https:\/\/bykallevig.com\/de\/our-guarantee\/","name":"Unsere Garantie - byKALLEVIG","isPartOf":{"@id":"https:\/\/bykallevig.com\/de\/#website"},"datePublished":"2018-03-27T12:02:52+00:00","dateModified":"2019-06-28T09:09:49+00:00","breadcrumb":{"@id":"https:\/\/bykallevig.com\/de\/our-guarantee\/#breadcrumb"},"inLanguage":"en-GB","potentialAction":[{"@type":"ReadAction","target":["https:\/\/bykallevig.com\/de\/our-guarantee\/"]}]},{"@type":"BreadcrumbList","@id":"https:\/\/bykallevig.com\/de\/our-guarantee\/#breadcrumb","itemListElement":[{"@type":"ListItem","position":1,"name":"Home","item":"https:\/\/bykallevig.com\/de\/"},{"@type":"ListItem","position":2,"name":"Unsere Garantie"}]},{"@type":"WebSite","@id":"https:\/\/bykallevig.com\/de\/#website","url":"https:\/\/bykallevig.com\/de\/","name":"byKALLEVIG","description":"Modern &amp; Mid-Century Design Furniture","potentialAction":[{"@type":"SearchAction","target":{"@type":"EntryPoint","urlTemplate":"https:\/\/bykallevig.com\/de\/?s={search_term_string}"},"query-input":"required name=search_term_string"}],"inLanguage":"en-GB"}]}},"_links":{"self":[{"href":"https:\/\/bykallevig.com\/de\/wp-json\/wp\/v2\/pages\/2841"}],"collection":[{"href":"https:\/\/bykallevig.com\/de\/wp-json\/wp\/v2\/pages"}],"about":[{"href":"https:\/\/bykallevig.com\/de\/wp-json\/wp\/v2\/types\/page"}],"author":[{"embeddable":true,"href":"https:\/\/bykallevig.com\/de\/wp-json\/wp\/v2\/users\/79"}],"replies":[{"embeddable":true,"href":"https:\/\/bykallevig.com\/de\/wp-json\/wp\/v2\/comments?post=2841"}],"version-history":[{"count":19,"href":"https:\/\/bykallevig.com\/de\/wp-json\/wp\/v2\/pages\/2841\/revisions"}],"predecessor-version":[{"id":500952,"href":"https:\/\/bykallevig.com\/de\/wp-json\/wp\/v2\/pages\/2841\/revisions\/500952"}],"wp:attachment":[{"href":"https:\/\/bykallevig.com\/de\/wp-json\/wp\/v2\/media?parent=2841"}],"curies":[{"name":"wp","href":"https:\/\/api.w.org\/{rel}","templated":true}]}}