{"id":2789,"date":"2018-03-27T11:26:55","date_gmt":"2018-03-27T11:26:55","guid":{"rendered":"http:\/\/bykallevig.com\/de\/?page_id=2789"},"modified":"2020-10-26T19:37:19","modified_gmt":"2020-10-26T19:37:19","slug":"our-furniture","status":"publish","type":"page","link":"https:\/\/bykallevig.com\/de\/our-furniture\/","title":{"rendered":"Unsere M\u00f6bel"},"content":{"rendered":"\t<div class=\"img has-hover x md-x lg-x y md-y lg-y\" id=\"image_806870010\">\n\t\t\t\t\t\t\t\t<div class=\"img-inner dark\" >\n\t\t\t<img width=\"1500\" height=\"500\" src=\"https:\/\/bykallevig.com\/de\/wp-content\/uploads\/2019\/06\/our-furniture-banner.jpg\" class=\"attachment-original size-original\" alt=\"\" decoding=\"async\" loading=\"lazy\" srcset=\"https:\/\/bykallevig.com\/de\/wp-content\/uploads\/2019\/06\/our-furniture-banner.jpg 1500w, https:\/\/bykallevig.com\/de\/wp-content\/uploads\/2019\/06\/our-furniture-banner-1000x333.jpg 1000w, https:\/\/bykallevig.com\/de\/wp-content\/uploads\/2019\/06\/our-furniture-banner-800x267.jpg 800w, https:\/\/bykallevig.com\/de\/wp-content\/uploads\/2019\/06\/our-furniture-banner-768x256.jpg 768w, https:\/\/bykallevig.com\/de\/wp-content\/uploads\/2019\/06\/our-furniture-banner-1400x467.jpg 1400w\" sizes=\"(max-width: 1500px) 100vw, 1500px\" \/>\t\t\t\t\t\t\n\t\t\t\t\t<\/div>\n\t\t\t\t\t\t\t\t\n<style>\n#image_806870010 {\n  width: 100%;\n}\n<\/style>\n\t<\/div>\n\t\n<div class=\"row our-furniture-text\"  id=\"row-1214640412\">\n\n\t<div id=\"col-314254681\" class=\"col small-12 large-12\"  >\n\t\t\t\t<div class=\"col-inner\"  >\n\t\t\t\n\t\t\t\n<h1>Die Mid-century modern Klassiker f\u00fcr ein modernes Zuhause<\/h1>\n<p><i>Als Team leidenschaftlicher Enthusiasten des modern Stils der Mitte des Jahrhunderts widmen wir uns weiterhin der Herstellung hochwertiger Reproduktionen einiger der einzigartigsten und einflussreichsten Designs dieser Zeit. Mit Hilfe unserer erfahrenen Handwerker, talentierten Designer und versierten Profis in den Bereichen Ingenieurwesen, Industriedesign und Materialwissenschaften sorgen wir daf\u00fcr, dass jeder unserer Entw\u00fcrfe mit zeitloser Eleganz, erkennbaren Stil und Qualit\u00e4t aufwartet, die noch viele Jahre anhalten wird.<\/i><\/p>\n\t\t<\/div>\n\t\t\t\t\t<\/div>\n\n\t\n<\/div>\n<div class=\"row row-full-width\"  id=\"row-1354463505\">\n\n\t<div id=\"col-1895828840\" class=\"col furniture-col-image medium-6 small-12 large-6\"  >\n\t\t\t\t<div class=\"col-inner\"  >\n\t\t\t\n\t\t\t\n\t<div class=\"img has-hover x md-x lg-x y md-y lg-y\" id=\"image_1930664225\">\n\t\t\t\t\t\t\t\t<div class=\"img-inner dark\" >\n\t\t\t<img width=\"800\" height=\"450\" src=\"https:\/\/bykallevig.com\/de\/wp-content\/uploads\/2019\/06\/high-quality-materials.jpg\" class=\"attachment-original size-original\" alt=\"\" decoding=\"async\" loading=\"lazy\" srcset=\"https:\/\/bykallevig.com\/de\/wp-content\/uploads\/2019\/06\/high-quality-materials.jpg 800w, https:\/\/bykallevig.com\/de\/wp-content\/uploads\/2019\/06\/high-quality-materials-711x400.jpg 711w, https:\/\/bykallevig.com\/de\/wp-content\/uploads\/2019\/06\/high-quality-materials-768x432.jpg 768w, https:\/\/bykallevig.com\/de\/wp-content\/uploads\/2019\/06\/high-quality-materials-510x287.jpg 510w\" sizes=\"(max-width: 800px) 100vw, 800px\" \/>\t\t\t\t\t\t\n\t\t\t\t\t<\/div>\n\t\t\t\t\t\t\t\t\n<style>\n#image_1930664225 {\n  width: 100%;\n}\n<\/style>\n\t<\/div>\n\t\n\t\t<\/div>\n\t\t\t\t\t<\/div>\n\n\t\n\n\t<div id=\"col-2128206726\" class=\"col furniture-col-text medium-6 small-12 large-6\"  >\n\t\t\t\t<div class=\"col-inner\"  >\n\t\t\t\n\t\t\t\n<h4>DIE WAHL DES RICHTIGEN MATERIALS: ZWISCHEN WISSENSCHAFT UND KUNST<\/h4>\n<p>Jedes gro\u00dfe Design beginnt mit den Rohstoffen, die bei der Herstellung verwendet werden. Egal ob es sich um einen h\u00f6lzernen Esszimmerstuhl, einen eleganten Sessel mit luxuri\u00f6sem Lederbezug oder einen ergonomisch geformten Kunststoffsitz handelt, jedes unserer Designs wird nur aus den hochwertigsten Materialien der f\u00fchrenden Anbieter des Marktes hergestellt. Von der sorgf\u00e4ltigen Untersuchung der Textur, des Alterungsprozesses und der Elastizit\u00e4t des Holzes, bis hin zur Analyse der spezifischen Zusammensetzung von Kunststoffderivaten \u2013 wir setzen immer auf Qualit\u00e4t, und investieren in die Langlebigkeit unserer Produkte.<\/p>\n<p>W\u00e4hrend die Beschaffung hochwertiger Materialien und deren Weiterverarbeitung in der Vergangenheit gewaltige und kostspielige Aufgaben waren, erm\u00f6glicht uns die gr\u00f6\u00dfere Reichweite logistischer Netzwerke, gepaart mit den bahnbrechenden Innovationen in den Bereichen der industriellen Technologien, die Premiumqualit\u00e4t unserer Designs anzustreben und gleichzeitig diePreise niedrig und f\u00fcr alle erschwinglich zu halten.<\/p>\n\t\t<\/div>\n\t\t\t\t\t<\/div>\n\n\t\n<\/div>\n<div class=\"row row-full-width\"  id=\"row-1160101522\">\n\n\t<div id=\"col-1816387882\" class=\"col furniture-col-text medium-6 small-12 large-6\"  >\n\t\t\t\t<div class=\"col-inner\"  >\n\t\t\t\n\t\t\t\n<h4>WERTSCH\u00c4TZUNG F\u00dcR FEINES HANDWERK<\/h4>\n<p>Das moderne Design der Mitte des Jahrhunderts spielte immer mit der Spannung zwischen Alt und Neu. Mit roher Sch\u00f6nheit des Holzes und schlichter Eleganz aus Edelstahl, Merkmale vieler der ber\u00fchmtesten Designs dieser Zeit, ist es nur verst\u00e4ndlich, dass wir hinter den Fabrikt\u00fcren die gleiche Mischung aus Tradition und Moderne anstreben. Trotz modernster industrieller Prozessen legen wir gro\u00dfen Wert auf handwerkliches K\u00f6nnen und meisterhafte Tischlerei, die daf\u00fcr sorgen, dass unsere Holzkonstruktionen, auch wenn Sie von einer Maschine reproduziert werden, einzigartig bleiben.<\/p>\n<p>byKALLEVIG ist stolz, t ein Team von erfahrenen Handwerkern mit jahrelanger Erfahrung in den anspruchsvollsten Tischlereiprojekten zu besch\u00e4ftigen. Ihre unverzichtbare Kompetenz auf diesem Gebiet wird durch die faszinierende Eleganz unserer Holzdesigns unterstrichen. Aber weit davon entfernt, nur zu den \u00e4sthetischen Aspekten beizutragen, \u00fcbernehmen die traditionellen Formen der Holzbearbeitung auch die F\u00fchrung beim Dampfbiegen und \u00e4hnlichen Verarbeitungstechniken. In diesen F\u00e4llen wird der traditionelle Ansatz, obwohl langsamer, kompromisslos, direkt im Sinne der strukturellen Integrit\u00e4t und der Langlebigkeit und Nachhaltbarkeit umgesetzt.<\/p>\n\t\t<\/div>\n\t\t\t\t\t<\/div>\n\n\t\n\n\t<div id=\"col-419115901\" class=\"col furniture-col-image medium-6 small-12 large-6\"  >\n\t\t\t\t<div class=\"col-inner\"  >\n\t\t\t\n\t\t\t\n\t<div class=\"img has-hover x md-x lg-x y md-y lg-y\" id=\"image_112883372\">\n\t\t\t\t\t\t\t\t<div class=\"img-inner dark\" >\n\t\t\t<img width=\"800\" height=\"450\" src=\"https:\/\/bykallevig.com\/de\/wp-content\/uploads\/2019\/06\/craftsman-1.jpg\" class=\"attachment-original size-original\" alt=\"\" decoding=\"async\" loading=\"lazy\" srcset=\"https:\/\/bykallevig.com\/de\/wp-content\/uploads\/2019\/06\/craftsman-1.jpg 800w, https:\/\/bykallevig.com\/de\/wp-content\/uploads\/2019\/06\/craftsman-1-711x400.jpg 711w, https:\/\/bykallevig.com\/de\/wp-content\/uploads\/2019\/06\/craftsman-1-768x432.jpg 768w, https:\/\/bykallevig.com\/de\/wp-content\/uploads\/2019\/06\/craftsman-1-510x287.jpg 510w\" sizes=\"(max-width: 800px) 100vw, 800px\" \/>\t\t\t\t\t\t\n\t\t\t\t\t<\/div>\n\t\t\t\t\t\t\t\t\n<style>\n#image_112883372 {\n  width: 100%;\n}\n<\/style>\n\t<\/div>\n\t\n\t\t<\/div>\n\t\t\t\t\t<\/div>\n\n\t\n<\/div>\n<div class=\"row row-full-width\"  id=\"row-890233685\">\n\n\t<div id=\"col-156530247\" class=\"col furniture-col-image medium-6 small-12 large-6\"  >\n\t\t\t\t<div class=\"col-inner\"  >\n\t\t\t\n\t\t\t\n\t<div class=\"img has-hover x md-x lg-x y md-y lg-y\" id=\"image_2119643619\">\n\t\t\t\t\t\t\t\t<div class=\"img-inner dark\" >\n\t\t\t<img width=\"800\" height=\"450\" src=\"https:\/\/bykallevig.com\/de\/wp-content\/uploads\/2019\/06\/design-furniture.jpg\" class=\"attachment-original size-original\" alt=\"\" decoding=\"async\" loading=\"lazy\" srcset=\"https:\/\/bykallevig.com\/de\/wp-content\/uploads\/2019\/06\/design-furniture.jpg 800w, https:\/\/bykallevig.com\/de\/wp-content\/uploads\/2019\/06\/design-furniture-711x400.jpg 711w, https:\/\/bykallevig.com\/de\/wp-content\/uploads\/2019\/06\/design-furniture-768x432.jpg 768w, https:\/\/bykallevig.com\/de\/wp-content\/uploads\/2019\/06\/design-furniture-510x287.jpg 510w\" sizes=\"(max-width: 800px) 100vw, 800px\" \/>\t\t\t\t\t\t\n\t\t\t\t\t<\/div>\n\t\t\t\t\t\t\t\t\n<style>\n#image_2119643619 {\n  width: 100%;\n}\n<\/style>\n\t<\/div>\n\t\n\t\t<\/div>\n\t\t\t\t\t<\/div>\n\n\t\n\n\t<div id=\"col-339412126\" class=\"col furniture-col-text medium-6 small-12 large-6\"  >\n\t\t\t\t<div class=\"col-inner\"  >\n\t\t\t\n\t\t\t\n<h4>DEM GEIST DER ZEIT TREU BLEIBEN<\/h4>\n<p>Das Design der Mitte des Jahrhunderts mag von zeitloser Eleganz gepr\u00e4gt sein, die sich wirklich bew\u00e4hrt hat, aber gleichzeitig kommt ein Gro\u00dfteil ihres einzigartigen Reizes genau von den technologischen Grenzen jener Zeit, als sie zum ersten Mal produziert wurden. Und w\u00e4hrend wir einige der fortschrittlichsten Technologien und Produktionstechniken hinter der Kulisse einsetzen, achten wir immer darauf, dass dieser innovative Ansatz in der Fertigung stilvoll durch den reichen Vintage-Charakter unserer Designs verdeckt bleibt. W\u00e4hrend viele unserer Entw\u00fcrfe zun\u00e4chst im virtuellen Bereich von 3D-Modellen verformt oder mit modernsten optischen Instrumenten gemessen und kontrolliert wurden, sind sie nach wie vor fest im Geiste der Eleganz der Mitte des Jahrhunderts verwurzelt, ohne zeitverz\u00f6gernde Elemente, die ihren Vintage-Appeal st\u00f6ren k\u00f6nnten.<\/p>\n\t\t<\/div>\n\t\t\t\t\t<\/div>\n\n\t\n<\/div>\n<div class=\"row row-full-width\"  id=\"row-626939369\">\n\n\t<div id=\"col-257893846\" class=\"col furniture-col-text medium-6 small-12 large-6\"  >\n\t\t\t\t<div class=\"col-inner\"  >\n\t\t\t\n\t\t\t\n<h4>SORGF\u00c4LTIG KONTROLLIERTE LIEFERKETTE<\/h4>\n<p>Fehlerfreie Designs zu kreieren ist eine Sache, aber sie unbesch\u00e4digt und p\u00fcnktlich zum Kunden zu bringen, ist eine ganz andere Aufgabe. Mit unserem fein abgestimmten Liefernetzwerk aus Herstellern, Materiallieferanten und Kurieren setzen wir modernste Kommunikationstechnologien ein, um die Produktion, den Transport und die Lieferung unserer Entw\u00fcrfe im Auge zu behalten. Die Qualit\u00e4t des Produkts wird an zwei entscheidenden Punkten in dieser Lieferkette sorgf\u00e4ltig gepr\u00fcft, um sicherzustellen, dass Deine Lieferung unbesch\u00e4digt und p\u00fcnktlich ankommt.<\/p>\n<p>Dar\u00fcber hinaus erm\u00f6glicht es uns unser Engagement f\u00fcr den E-Commerce-Ansatz, den Mittelsmann zu eliminieren womit wir viele unn\u00f6tige Kosten vermeiden, die durch die Aufrechterhaltung eines Netzwerks von Einzelh\u00e4ndlern \u201cvor Ort\u201d entstehen w\u00fcrden. Stattdessen kannst Du Dir Deine Designs direkt aus der Werkstatt holen und direkt vor deine Haust\u00fcr liefern lassen, und das zu einem Preis, der von keinem lokalen Einzelh\u00e4ndler erreicht werden kann.<\/p>\n\t\t<\/div>\n\t\t\t\t\t<\/div>\n\n\t\n\n\t<div id=\"col-926871932\" class=\"col furniture-col-image medium-6 small-12 large-6\"  >\n\t\t\t\t<div class=\"col-inner\"  >\n\t\t\t\n\t\t\t\n\t<div class=\"img has-hover x md-x lg-x y md-y lg-y\" id=\"image_161136611\">\n\t\t\t\t\t\t\t\t<div class=\"img-inner dark\" >\n\t\t\t<img width=\"800\" height=\"449\" src=\"https:\/\/bykallevig.com\/de\/wp-content\/uploads\/2018\/03\/warehouse-packaging.jpg\" class=\"attachment-original size-original\" alt=\"\" decoding=\"async\" loading=\"lazy\" srcset=\"https:\/\/bykallevig.com\/de\/wp-content\/uploads\/2018\/03\/warehouse-packaging.jpg 800w, https:\/\/bykallevig.com\/de\/wp-content\/uploads\/2018\/03\/warehouse-packaging-510x286.jpg 510w, https:\/\/bykallevig.com\/de\/wp-content\/uploads\/2018\/03\/warehouse-packaging-713x400.jpg 713w, https:\/\/bykallevig.com\/de\/wp-content\/uploads\/2018\/03\/warehouse-packaging-768x431.jpg 768w\" sizes=\"(max-width: 800px) 100vw, 800px\" \/>\t\t\t\t\t\t\n\t\t\t\t\t<\/div>\n\t\t\t\t\t\t\t\t\n<style>\n#image_161136611 {\n  width: 100%;\n}\n<\/style>\n\t<\/div>\n\t\n\t\t<\/div>\n\t\t\t\t\t<\/div>\n\n\t\n<\/div>\n<div class=\"row\"  id=\"row-2077690143\">\n\n\t<div id=\"col-31795237\" class=\"col small-12 large-12\"  >\n\t\t\t\t<div class=\"col-inner\"  >\n\t\t\t\n\t\t\t\n\n  \n    <div class=\"row large-columns-4 medium-columns-3 small-columns-2 row-small slider row-slider slider-nav-reveal slider-nav-push\"  data-flickity-options='{\"imagesLoaded\": true, \"groupCells\": \"100%\", \"dragThreshold\" : 5, \"cellAlign\": \"left\",\"wrapAround\": true,\"prevNextButtons\": true,\"percentPosition\": true,\"pageDots\": false, \"rightToLeft\": false, \"autoPlay\" : false}'>\n\n  \t<\/div>\n\t\t<\/div>\n\t\t\t\t\t<\/div>\n\n\t\n<\/div>\n","protected":false},"excerpt":{"rendered":"","protected":false},"author":79,"featured_media":0,"parent":0,"menu_order":0,"comment_status":"closed","ping_status":"closed","template":"page-blank.php","meta":{"footnotes":""},"yoast_head":"<!-- This site is optimized with the Yoast SEO plugin v22.6 - https:\/\/yoast.com\/wordpress\/plugins\/seo\/ -->\n<title>Unsere M\u00f6bel - byKALLEVIG<\/title>\n<meta name=\"robots\" content=\"index, follow, max-snippet:-1, max-image-preview:large, max-video-preview:-1\" \/>\n<link rel=\"canonical\" href=\"https:\/\/bykallevig.com\/de\/our-furniture\/\" \/>\n<meta property=\"og:locale\" content=\"en_GB\" \/>\n<meta property=\"og:type\" content=\"article\" \/>\n<meta property=\"og:title\" content=\"Unsere M\u00f6bel - byKALLEVIG\" \/>\n<meta property=\"og:url\" content=\"https:\/\/bykallevig.com\/de\/our-furniture\/\" \/>\n<meta property=\"og:site_name\" content=\"byKALLEVIG\" \/>\n<meta property=\"article:modified_time\" content=\"2020-10-26T19:37:19+00:00\" \/>\n<meta name=\"twitter:card\" content=\"summary_large_image\" \/>\n<meta name=\"twitter:label1\" content=\"Estimated reading time\" \/>\n\t<meta name=\"twitter:data1\" content=\"4 minutes\" \/>\n<script type=\"application\/ld+json\" class=\"yoast-schema-graph\">{\"@context\":\"https:\/\/schema.org\",\"@graph\":[{\"@type\":\"WebPage\",\"@id\":\"https:\/\/bykallevig.com\/de\/our-furniture\/\",\"url\":\"https:\/\/bykallevig.com\/de\/our-furniture\/\",\"name\":\"Unsere M\u00f6bel - byKALLEVIG\",\"isPartOf\":{\"@id\":\"https:\/\/bykallevig.com\/de\/#website\"},\"datePublished\":\"2018-03-27T11:26:55+00:00\",\"dateModified\":\"2020-10-26T19:37:19+00:00\",\"breadcrumb\":{\"@id\":\"https:\/\/bykallevig.com\/de\/our-furniture\/#breadcrumb\"},\"inLanguage\":\"en-GB\",\"potentialAction\":[{\"@type\":\"ReadAction\",\"target\":[\"https:\/\/bykallevig.com\/de\/our-furniture\/\"]}]},{\"@type\":\"BreadcrumbList\",\"@id\":\"https:\/\/bykallevig.com\/de\/our-furniture\/#breadcrumb\",\"itemListElement\":[{\"@type\":\"ListItem\",\"position\":1,\"name\":\"Home\",\"item\":\"https:\/\/bykallevig.com\/de\/\"},{\"@type\":\"ListItem\",\"position\":2,\"name\":\"Unsere M\u00f6bel\"}]},{\"@type\":\"WebSite\",\"@id\":\"https:\/\/bykallevig.com\/de\/#website\",\"url\":\"https:\/\/bykallevig.com\/de\/\",\"name\":\"byKALLEVIG\",\"description\":\"Modern &amp; Mid-Century Design Furniture\",\"potentialAction\":[{\"@type\":\"SearchAction\",\"target\":{\"@type\":\"EntryPoint\",\"urlTemplate\":\"https:\/\/bykallevig.com\/de\/?s={search_term_string}\"},\"query-input\":\"required name=search_term_string\"}],\"inLanguage\":\"en-GB\"}]}<\/script>\n<!-- \/ Yoast SEO plugin. -->","yoast_head_json":{"title":"Unsere M\u00f6bel - byKALLEVIG","robots":{"index":"index","follow":"follow","max-snippet":"max-snippet:-1","max-image-preview":"max-image-preview:large","max-video-preview":"max-video-preview:-1"},"canonical":"https:\/\/bykallevig.com\/de\/our-furniture\/","og_locale":"en_GB","og_type":"article","og_title":"Unsere M\u00f6bel - byKALLEVIG","og_url":"https:\/\/bykallevig.com\/de\/our-furniture\/","og_site_name":"byKALLEVIG","article_modified_time":"2020-10-26T19:37:19+00:00","twitter_card":"summary_large_image","twitter_misc":{"Estimated reading time":"4 minutes"},"schema":{"@context":"https:\/\/schema.org","@graph":[{"@type":"WebPage","@id":"https:\/\/bykallevig.com\/de\/our-furniture\/","url":"https:\/\/bykallevig.com\/de\/our-furniture\/","name":"Unsere M\u00f6bel - byKALLEVIG","isPartOf":{"@id":"https:\/\/bykallevig.com\/de\/#website"},"datePublished":"2018-03-27T11:26:55+00:00","dateModified":"2020-10-26T19:37:19+00:00","breadcrumb":{"@id":"https:\/\/bykallevig.com\/de\/our-furniture\/#breadcrumb"},"inLanguage":"en-GB","potentialAction":[{"@type":"ReadAction","target":["https:\/\/bykallevig.com\/de\/our-furniture\/"]}]},{"@type":"BreadcrumbList","@id":"https:\/\/bykallevig.com\/de\/our-furniture\/#breadcrumb","itemListElement":[{"@type":"ListItem","position":1,"name":"Home","item":"https:\/\/bykallevig.com\/de\/"},{"@type":"ListItem","position":2,"name":"Unsere M\u00f6bel"}]},{"@type":"WebSite","@id":"https:\/\/bykallevig.com\/de\/#website","url":"https:\/\/bykallevig.com\/de\/","name":"byKALLEVIG","description":"Modern &amp; Mid-Century Design Furniture","potentialAction":[{"@type":"SearchAction","target":{"@type":"EntryPoint","urlTemplate":"https:\/\/bykallevig.com\/de\/?s={search_term_string}"},"query-input":"required name=search_term_string"}],"inLanguage":"en-GB"}]}},"_links":{"self":[{"href":"https:\/\/bykallevig.com\/de\/wp-json\/wp\/v2\/pages\/2789"}],"collection":[{"href":"https:\/\/bykallevig.com\/de\/wp-json\/wp\/v2\/pages"}],"about":[{"href":"https:\/\/bykallevig.com\/de\/wp-json\/wp\/v2\/types\/page"}],"author":[{"embeddable":true,"href":"https:\/\/bykallevig.com\/de\/wp-json\/wp\/v2\/users\/79"}],"replies":[{"embeddable":true,"href":"https:\/\/bykallevig.com\/de\/wp-json\/wp\/v2\/comments?post=2789"}],"version-history":[{"count":45,"href":"https:\/\/bykallevig.com\/de\/wp-json\/wp\/v2\/pages\/2789\/revisions"}],"predecessor-version":[{"id":594228,"href":"https:\/\/bykallevig.com\/de\/wp-json\/wp\/v2\/pages\/2789\/revisions\/594228"}],"wp:attachment":[{"href":"https:\/\/bykallevig.com\/de\/wp-json\/wp\/v2\/media?parent=2789"}],"curies":[{"name":"wp","href":"https:\/\/api.w.org\/{rel}","templated":true}]}}