{"id":2732,"date":"2018-03-27T09:19:00","date_gmt":"2018-03-27T09:19:00","guid":{"rendered":"http:\/\/bykallevig.com\/de\/?page_id=2732"},"modified":"2020-10-26T19:41:09","modified_gmt":"2020-10-26T19:41:09","slug":"scandinavian-style","status":"publish","type":"page","link":"https:\/\/bykallevig.com\/de\/scandinavian-style\/","title":{"rendered":"Skandinavischer Stil"},"content":{"rendered":"\t<div class=\"img has-hover x md-x lg-x y md-y lg-y\" id=\"image_159386199\">\n\t\t\t\t\t\t\t\t<div class=\"img-inner dark\" >\n\t\t\t\t\t\t\t\t\t\n\t\t\t\t\t<\/div>\n\t\t\t\t\t\t\t\t\n<style>\n#image_159386199 {\n  width: 100%;\n}\n<\/style>\n\t<\/div>\n\t\n<div class=\"row scandinavian-text\"  id=\"row-72768395\">\n\n\t<div id=\"col-1354852545\" class=\"col small-12 large-12\"  >\n\t\t\t\t<div class=\"col-inner\"  >\n\t\t\t\n\t\t\t\n<h1>Skandinavischer Stil<\/h1>\n<h3>DIE TOP F\u00dcNF MERKMALE DES MODERNEN SKANDINAVISCHEN STILS<\/h3>\n<p>Mit skandinavischen Designerm\u00f6beln meinen wir nicht einfach alle Designs, die aus D\u00e4nemark, Schweden, Norwegen und Finnland stammen. Der moderne skandinavische Stil bezieht sich auf einen pr\u00e4zisen historischen Moment und stilistischen Ansatz. Dieser Ansatz ist gepr\u00e4gt von modernen Standpunkten zum M\u00f6beldesign, bei denen Sch\u00f6nheit, Funktion und Verf\u00fcgbarkeit im Vordergrund standen. In der Nachkriegszeit besch\u00e4ftigte sich jedes dieser L\u00e4nder mit Fragen des sozialen Umbruchs, des kulturellen und sozialen Wandels und der wachsenden Bev\u00f6lkerungszahlen, die hochwertige H\u00e4user und M\u00f6bel forderten.<\/p>\n<p>Der moderne skandinavische Stil, der diese Probleme angeht, weist in jeder Region unterschiedliche Merkmale und Einstellungen auf. Er setzt auf kosteng\u00fcnstige und nachhaltige Materialien, technische Innovation und eine ausgewogene, t\u00e4uschend einfache \u00c4sthetik. Organische Formen, die von der Natur und Bildhauerei beeinflusst sind, wurden mit dem Ideal der Massenproduktion und einer hochwertigen Fabrikfertigung kombiniert.<\/p>\n<p>Diese Design waren revolution\u00e4r und stie\u00dfen auf gro\u00dfe Beliebtheit. Es gab mehrere Wogen von Designern, die sich mit der Bewegung identifizierten. In den letzten Jahrzehnten kam es zu einer Wiederbelebung des Stils, die sich unglaublich weit verbreitet hat. Es f\u00e4llt uns nicht schwer, diese Einfl\u00fcsse zu sehen. Der Einfluss von Designern wie Alvar Aalto, Hans J. Wegner oder Arne Jacobsen verschwand nie in Bereichen des Design und ihre Ideale des urbanen Lebensstils wurden erst im 21. Jahrhundert relevanter.<\/p>\n<p>Hier sind die Schl\u00fcsselelemente des skandinavischen Stils und einige unserer Lieblingsdesigns:<\/p>\n\t\t<\/div>\n\t\t\t\t\t<\/div>\n\n\t\n<\/div>\n<div class=\"row row-full-width\"  id=\"row-382332407\">\n\n\t<div id=\"col-364071057\" class=\"col furniture-col-image medium-6 small-12 large-6\"  >\n\t\t\t\t<div class=\"col-inner\"  >\n\t\t\t\n\t\t\t\n\t<div class=\"img has-hover x md-x lg-x y md-y lg-y\" id=\"image_657522513\">\n\t\t\t\t\t\t\t\t<div class=\"img-inner dark\" >\n\t\t\t<img width=\"800\" height=\"449\" src=\"https:\/\/bykallevig.com\/de\/wp-content\/uploads\/2018\/03\/eames-chairs-in-nature.jpg\" class=\"attachment-large size-large\" alt=\"\" decoding=\"async\" loading=\"lazy\" srcset=\"https:\/\/bykallevig.com\/de\/wp-content\/uploads\/2018\/03\/eames-chairs-in-nature.jpg 800w, https:\/\/bykallevig.com\/de\/wp-content\/uploads\/2018\/03\/eames-chairs-in-nature-510x286.jpg 510w, https:\/\/bykallevig.com\/de\/wp-content\/uploads\/2018\/03\/eames-chairs-in-nature-713x400.jpg 713w, https:\/\/bykallevig.com\/de\/wp-content\/uploads\/2018\/03\/eames-chairs-in-nature-768x431.jpg 768w\" sizes=\"(max-width: 800px) 100vw, 800px\" \/>\t\t\t\t\t\t\n\t\t\t\t\t<\/div>\n\t\t\t\t\t\t\t\t\n<style>\n#image_657522513 {\n  width: 100%;\n}\n<\/style>\n\t<\/div>\n\t\n\t\t<\/div>\n\t\t\t\t\t<\/div>\n\n\t\n\n\t<div id=\"col-1611977991\" class=\"col furniture-col-text medium-6 small-12 large-6\"  >\n\t\t\t\t<div class=\"col-inner\"  >\n\t\t\t\n\t\t\t\n<h4>NAT\u00dcRLICHE MATERIALIEN<\/h4>\n<p>Der wichtigste Aspekt moderner skandinavischer Designerm\u00f6bel ist die Einstellung zu Materialien. Handwerkskunst, St\u00e4rke und Nachhaltigkeit waren der Schl\u00fcssel, daher ist Holz das dominierende Material. Holz war nicht nur im Skandinavien der Nachkriegszeit weit verbreitet, sondern bot auch die nat\u00fcrlichen und organischen Formen, die die Designer suchten. Es erm\u00f6glichte eine einfache Konstruktion, so dass Produkte leicht transportiert werden konnten, sowie eine Reihe von Maserungen f\u00fcr die unterschiedlichsten Farbvariationen. Die feinsten H\u00f6lzer wurden oft mit auff\u00e4lligen Kaschmirpolstern kombiniert, wie in Arne Jacobsens Arbeiten. Holz bot den Designern ein aufregendes und vielseitiges Material, ist aber auch mit ihrem Glauben an sorgf\u00e4ltiges Handwerk und die geduldige Kunst des Tischlern verbunden.<\/p>\n\t\t<\/div>\n\t\t\t\t\t<\/div>\n\n\t\n<\/div>\n<div class=\"row row-full-width\"  id=\"row-1865078765\">\n\n\t<div id=\"col-1511820789\" class=\"col furniture-col-text medium-6 small-12 large-6\"  >\n\t\t\t\t<div class=\"col-inner\"  >\n\t\t\t\n\t\t\t\n<h4>NEUTRALES FARBSCHEMA<\/h4>\n<p>Die Winter und manchmal selbst die Sommer k\u00f6nnen in ganz Skandinavien sehr dunkel sein. Um das Licht optimal zu nutzen, werden im skandinavischen Stil immer Wei\u00dft\u00f6ne und einfache Farbschemata betont. Reines Wei\u00df l\u00e4sst das Licht herein und passt perfekt zu warmen Holzb\u00f6den. Finn Juhl verwendete besonders gern Prim\u00e4rfarben, die auf goldene Holzt\u00f6ne abgestimmt waren. K\u00fchlere, ged\u00e4mpfte Farben sorgen f\u00fcr Helligkeit, aber auch f\u00fcr Vielseitigkeit in der Einrichtung. Neutrale Farbt\u00f6ne wie Grau k\u00f6nnen ein ruhiges und unverwechselbares Gef\u00fchl erzeugen und das nat\u00fcrliche Licht so lange wie m\u00f6glich hinausz\u00f6gern.<\/p>\n\t\t<\/div>\n\t\t\t\t\t<\/div>\n\n\t\n\n\t<div id=\"col-1863640293\" class=\"col furniture-col-image medium-6 small-12 large-6\"  >\n\t\t\t\t<div class=\"col-inner\"  >\n\t\t\t\n\t\t\t\n\t<div class=\"img has-hover x md-x lg-x y md-y lg-y\" id=\"image_1793274068\">\n\t\t\t\t\t\t\t\t<div class=\"img-inner dark\" >\n\t\t\t<img width=\"800\" height=\"449\" src=\"https:\/\/bykallevig.com\/de\/wp-content\/uploads\/2018\/03\/scandinavian-room-in-neutral-colour-scheme.jpg\" class=\"attachment-large size-large\" alt=\"\" decoding=\"async\" loading=\"lazy\" srcset=\"https:\/\/bykallevig.com\/de\/wp-content\/uploads\/2018\/03\/scandinavian-room-in-neutral-colour-scheme.jpg 800w, https:\/\/bykallevig.com\/de\/wp-content\/uploads\/2018\/03\/scandinavian-room-in-neutral-colour-scheme-510x286.jpg 510w, https:\/\/bykallevig.com\/de\/wp-content\/uploads\/2018\/03\/scandinavian-room-in-neutral-colour-scheme-713x400.jpg 713w, https:\/\/bykallevig.com\/de\/wp-content\/uploads\/2018\/03\/scandinavian-room-in-neutral-colour-scheme-768x431.jpg 768w\" sizes=\"(max-width: 800px) 100vw, 800px\" \/>\t\t\t\t\t\t\n\t\t\t\t\t<\/div>\n\t\t\t\t\t\t\t\t\n<style>\n#image_1793274068 {\n  width: 100%;\n}\n<\/style>\n\t<\/div>\n\t\n\t\t<\/div>\n\t\t\t\t\t<\/div>\n\n\t\n<\/div>\n<div class=\"row row-full-width\"  id=\"row-344361622\">\n\n\t<div id=\"col-1789081864\" class=\"col furniture-col-image medium-6 small-12 large-6\"  >\n\t\t\t\t<div class=\"col-inner\"  >\n\t\t\t\n\t\t\t\n\t<div class=\"img has-hover x md-x lg-x y md-y lg-y\" id=\"image_638856792\">\n\t\t\t\t\t\t\t\t<div class=\"img-inner dark\" >\n\t\t\t<img width=\"800\" height=\"449\" src=\"https:\/\/bykallevig.com\/de\/wp-content\/uploads\/2018\/03\/globe-lamp-ambient-light.jpg\" class=\"attachment-large size-large\" alt=\"\" decoding=\"async\" loading=\"lazy\" srcset=\"https:\/\/bykallevig.com\/de\/wp-content\/uploads\/2018\/03\/globe-lamp-ambient-light.jpg 800w, https:\/\/bykallevig.com\/de\/wp-content\/uploads\/2018\/03\/globe-lamp-ambient-light-510x286.jpg 510w, https:\/\/bykallevig.com\/de\/wp-content\/uploads\/2018\/03\/globe-lamp-ambient-light-713x400.jpg 713w, https:\/\/bykallevig.com\/de\/wp-content\/uploads\/2018\/03\/globe-lamp-ambient-light-768x431.jpg 768w\" sizes=\"(max-width: 800px) 100vw, 800px\" \/>\t\t\t\t\t\t\n\t\t\t\t\t<\/div>\n\t\t\t\t\t\t\t\t\n<style>\n#image_638856792 {\n  width: 100%;\n}\n<\/style>\n\t<\/div>\n\t\n\t\t<\/div>\n\t\t\t\t\t<\/div>\n\n\t\n\n\t<div id=\"col-124957898\" class=\"col furniture-col-text medium-6 small-12 large-6\"  >\n\t\t\t\t<div class=\"col-inner\"  >\n\t\t\t\n\t\t\t\n<h4>UMGEBUNGSLICHT<\/h4>\n<p>Egal wie wei\u00df Sie Ihren Raum streichen, diese dunklen Winter werden Sie unvermeidlich einholen. So zeichnete sich der skandinavische Stil auch dadurch aus, dass er raffinierte Lampen und Beleuchtungsl\u00f6sungen entwarf, um den Raum hell zu gestalten. Alvar Aalto, Greta Grossman und Poul Henningsen haben die skandinavische Stimmung gepr\u00e4gt, indem sie wundersch\u00f6ne Lampen entworfen haben, die die Ideen der Moderne in der Mitte des Jahrhunderts und die einzigartigen Merkmale des skandinavischen Stils widerspiegeln. Diese eleganten Lampen sorgen f\u00fcr ein blendfreies Leuchten, das zu den wei\u00dfen Farben passt, und setzen atemberaubende Akzente f\u00fcr ein stilvolles Interieur. Das Licht ist nie aufdringlich, sondern wertet ein Dekor subtil auf und sorgt f\u00fcr eine angenehme Atmosph\u00e4re.<\/p>\n\t\t<\/div>\n\t\t\t\t\t<\/div>\n\n\t\n<\/div>\n<div class=\"row row-full-width\"  id=\"row-1237536289\">\n\n\t<div id=\"col-1094187087\" class=\"col furniture-col-text medium-6 small-12 large-6\"  >\n\t\t\t\t<div class=\"col-inner\"  >\n\t\t\t\n\t\t\t\n<h4>KLARE LINIEN<\/h4>\n<p>Eines der unverkennbaren Merkmale des modernen skandinavischen Stils ist die klare Struktur und Geometrie. Parallele Formen, gerade Kanten und minimale Detailliertheit werden kombiniert. Unordnung und \u00dcberschuss wurden abgelehnt, um pr\u00e4zise Silhouetten zu kreieren. Die Komplexit\u00e4t der Entw\u00fcrfe und die damit verbundenen anspruchsvollen Fertigungsprozesse werden durch die zun\u00e4chst wirkende formale Schlichtheit verdeckt. Zum Beispiel wird in Hans J. Wegners St\u00fchlen die formale Ausgewogenheit mit exakten Winkeln und nicht \u00fcberladenem Tischlerhandwerk kombiniert, um einen wundersch\u00f6nen Effekt zu erzielen. Dies ist auch der Grund, warum der skandinavische Stil so viel Stauraum beinhaltet; sch\u00f6ne M\u00f6bel m\u00fcssen klare und minimale Strukturen aufweisen.<\/p>\n\t\t<\/div>\n\t\t\t\t\t<\/div>\n\n\t\n\n\t<div id=\"col-973329592\" class=\"col furniture-col-image medium-6 small-12 large-6\"  >\n\t\t\t\t<div class=\"col-inner\"  >\n\t\t\t\n\t\t\t\n\t<div class=\"img has-hover x md-x lg-x y md-y lg-y\" id=\"image_2105366147\">\n\t\t\t\t\t\t\t\t<div class=\"img-inner dark\" >\n\t\t\t<img width=\"800\" height=\"449\" src=\"https:\/\/bykallevig.com\/de\/wp-content\/uploads\/2018\/03\/flowerpot-lamp-geometry.jpg\" class=\"attachment-large size-large\" alt=\"\" decoding=\"async\" loading=\"lazy\" srcset=\"https:\/\/bykallevig.com\/de\/wp-content\/uploads\/2018\/03\/flowerpot-lamp-geometry.jpg 800w, https:\/\/bykallevig.com\/de\/wp-content\/uploads\/2018\/03\/flowerpot-lamp-geometry-510x286.jpg 510w, https:\/\/bykallevig.com\/de\/wp-content\/uploads\/2018\/03\/flowerpot-lamp-geometry-713x400.jpg 713w, https:\/\/bykallevig.com\/de\/wp-content\/uploads\/2018\/03\/flowerpot-lamp-geometry-768x431.jpg 768w\" sizes=\"(max-width: 800px) 100vw, 800px\" \/>\t\t\t\t\t\t\n\t\t\t\t\t<\/div>\n\t\t\t\t\t\t\t\t\n<style>\n#image_2105366147 {\n  width: 100%;\n}\n<\/style>\n\t<\/div>\n\t\n\t\t<\/div>\n\t\t\t\t\t<\/div>\n\n\t\n<\/div>\n<div class=\"row row-full-width\"  id=\"row-2064976869\">\n\n\t<div id=\"col-1110575054\" class=\"col furniture-col-image medium-6 small-12 large-6\"  >\n\t\t\t\t<div class=\"col-inner\"  >\n\t\t\t\n\t\t\t\n\t<div class=\"img has-hover x md-x lg-x y md-y lg-y\" id=\"image_322062034\">\n\t\t\t\t\t\t\t\t<div class=\"img-inner dark\" >\n\t\t\t<img width=\"800\" height=\"449\" src=\"https:\/\/bykallevig.com\/de\/wp-content\/uploads\/2018\/03\/eames-chairs-scandinavian-style.jpg\" class=\"attachment-large size-large\" alt=\"\" decoding=\"async\" loading=\"lazy\" srcset=\"https:\/\/bykallevig.com\/de\/wp-content\/uploads\/2018\/03\/eames-chairs-scandinavian-style.jpg 800w, https:\/\/bykallevig.com\/de\/wp-content\/uploads\/2018\/03\/eames-chairs-scandinavian-style-510x286.jpg 510w, https:\/\/bykallevig.com\/de\/wp-content\/uploads\/2018\/03\/eames-chairs-scandinavian-style-713x400.jpg 713w, https:\/\/bykallevig.com\/de\/wp-content\/uploads\/2018\/03\/eames-chairs-scandinavian-style-768x431.jpg 768w\" sizes=\"(max-width: 800px) 100vw, 800px\" \/>\t\t\t\t\t\t\n\t\t\t\t\t<\/div>\n\t\t\t\t\t\t\t\t\n<style>\n#image_322062034 {\n  width: 100%;\n}\n<\/style>\n\t<\/div>\n\t\n\t\t<\/div>\n\t\t\t\t\t<\/div>\n\n\t\n\n\t<div id=\"col-410426824\" class=\"col furniture-col-text medium-6 small-12 large-6\"  >\n\t\t\t\t<div class=\"col-inner\"  >\n\t\t\t\n\t\t\t\n<h4>MODERNER SKANDINAVISCHER STIL<\/h4>\n<p>Der wohl bedeutendste Aspekt des skandinavischen Stils ist seine Zug\u00e4nglichkeit. Diese Entw\u00fcrfe sollten f\u00fcr alle zug\u00e4nglich und erschwinglich sein. Hochwertige Konstruktion und Materialien wurden stets mit m\u00f6glichst niedrigen Preisen kombiniert. Diese St\u00fccke wurden f\u00fcr die Menschen entworfen, um die Bed\u00fcrfnisse der Massen zu befriedigen und gleichzeitig unvergesslich auszusehen. Sie wurden entworfen, um von allen gesch\u00e4tzt zu werden. Mit diesen auff\u00e4lligen modern M\u00f6beln der Mitte des Jahrhunderts k\u00f6nnen Sie Ihr Zuhause wieder aufhellen.<\/p>\n\t\t<\/div>\n\t\t\t\t\t<\/div>\n\n\t\n<\/div>\n<div class=\"row scandinavian-text\"  id=\"row-1222748322\">\n\n\t<div id=\"col-1510870003\" class=\"col small-12 large-12\"  >\n\t\t\t\t<div class=\"col-inner\"  >\n\t\t\t\n\t\t\t\n<h4>FUNKTIONAL UND VIELSEITIG<\/h4>\n<p>Obwohl formale und \u00e4sthetische Aspekte im skandinavischen Stil sehr wichtig sind, werden Funktion und Zweckm\u00e4\u00dfigkeit immer gleicherma\u00dfen ber\u00fccksichtigt. Die St\u00fccke m\u00fcssen vielseitig, bequem und robust genug sein, um \u00fcber verschiedene Generationen und Verwendungen hinweg verwendet werden zu k\u00f6nnen. Sie wurden so entworfen, dass sie in direktem Zusammenhang mit den Anforderungen des skandinavischen Hauses stehen, aber auch zeitlose Designs bleiben, die weit in die Zukunft reichen werden.<\/p>\n\t\t<\/div>\n\t\t\t\t\t<\/div>\n\n\t\n<\/div>\n<div class=\"row\"  id=\"row-196675402\">\n\n\t<div id=\"col-847196786\" class=\"col small-12 large-12\"  >\n\t\t\t\t<div class=\"col-inner\"  >\n\t\t\t\n\t\t\t\n\n  \n    <div class=\"row large-columns-4 medium-columns-3 small-columns-2 row-small slider row-slider slider-nav-reveal slider-nav-push\"  data-flickity-options='{\"imagesLoaded\": true, \"groupCells\": \"100%\", \"dragThreshold\" : 5, \"cellAlign\": \"left\",\"wrapAround\": true,\"prevNextButtons\": true,\"percentPosition\": true,\"pageDots\": false, \"rightToLeft\": false, \"autoPlay\" : false}'>\n\n  \t<\/div>\n\t\t<\/div>\n\t\t\t\t\t<\/div>\n\n\t\n<\/div>\n","protected":false},"excerpt":{"rendered":"","protected":false},"author":79,"featured_media":0,"parent":0,"menu_order":0,"comment_status":"closed","ping_status":"closed","template":"page-blank.php","meta":{"footnotes":""},"yoast_head":"<!-- This site is optimized with the Yoast SEO plugin v22.6 - https:\/\/yoast.com\/wordpress\/plugins\/seo\/ -->\n<title>Skandinavischer Stil - byKALLEVIG<\/title>\n<meta name=\"robots\" content=\"index, follow, max-snippet:-1, max-image-preview:large, max-video-preview:-1\" \/>\n<link rel=\"canonical\" href=\"https:\/\/bykallevig.com\/de\/scandinavian-style\/\" \/>\n<meta property=\"og:locale\" content=\"en_GB\" \/>\n<meta property=\"og:type\" content=\"article\" \/>\n<meta property=\"og:title\" content=\"Skandinavischer Stil - byKALLEVIG\" \/>\n<meta property=\"og:url\" content=\"https:\/\/bykallevig.com\/de\/scandinavian-style\/\" \/>\n<meta property=\"og:site_name\" content=\"byKALLEVIG\" \/>\n<meta property=\"article:modified_time\" content=\"2020-10-26T19:41:09+00:00\" \/>\n<meta name=\"twitter:card\" content=\"summary_large_image\" \/>\n<meta name=\"twitter:label1\" content=\"Estimated reading time\" \/>\n\t<meta name=\"twitter:data1\" content=\"5 minutes\" \/>\n<script type=\"application\/ld+json\" class=\"yoast-schema-graph\">{\"@context\":\"https:\/\/schema.org\",\"@graph\":[{\"@type\":\"WebPage\",\"@id\":\"https:\/\/bykallevig.com\/de\/scandinavian-style\/\",\"url\":\"https:\/\/bykallevig.com\/de\/scandinavian-style\/\",\"name\":\"Skandinavischer Stil - byKALLEVIG\",\"isPartOf\":{\"@id\":\"https:\/\/bykallevig.com\/de\/#website\"},\"datePublished\":\"2018-03-27T09:19:00+00:00\",\"dateModified\":\"2020-10-26T19:41:09+00:00\",\"breadcrumb\":{\"@id\":\"https:\/\/bykallevig.com\/de\/scandinavian-style\/#breadcrumb\"},\"inLanguage\":\"en-GB\",\"potentialAction\":[{\"@type\":\"ReadAction\",\"target\":[\"https:\/\/bykallevig.com\/de\/scandinavian-style\/\"]}]},{\"@type\":\"BreadcrumbList\",\"@id\":\"https:\/\/bykallevig.com\/de\/scandinavian-style\/#breadcrumb\",\"itemListElement\":[{\"@type\":\"ListItem\",\"position\":1,\"name\":\"Home\",\"item\":\"https:\/\/bykallevig.com\/de\/\"},{\"@type\":\"ListItem\",\"position\":2,\"name\":\"Skandinavischer Stil\"}]},{\"@type\":\"WebSite\",\"@id\":\"https:\/\/bykallevig.com\/de\/#website\",\"url\":\"https:\/\/bykallevig.com\/de\/\",\"name\":\"byKALLEVIG\",\"description\":\"Modern &amp; Mid-Century Design Furniture\",\"potentialAction\":[{\"@type\":\"SearchAction\",\"target\":{\"@type\":\"EntryPoint\",\"urlTemplate\":\"https:\/\/bykallevig.com\/de\/?s={search_term_string}\"},\"query-input\":\"required name=search_term_string\"}],\"inLanguage\":\"en-GB\"}]}<\/script>\n<!-- \/ Yoast SEO plugin. -->","yoast_head_json":{"title":"Skandinavischer Stil - byKALLEVIG","robots":{"index":"index","follow":"follow","max-snippet":"max-snippet:-1","max-image-preview":"max-image-preview:large","max-video-preview":"max-video-preview:-1"},"canonical":"https:\/\/bykallevig.com\/de\/scandinavian-style\/","og_locale":"en_GB","og_type":"article","og_title":"Skandinavischer Stil - byKALLEVIG","og_url":"https:\/\/bykallevig.com\/de\/scandinavian-style\/","og_site_name":"byKALLEVIG","article_modified_time":"2020-10-26T19:41:09+00:00","twitter_card":"summary_large_image","twitter_misc":{"Estimated reading time":"5 minutes"},"schema":{"@context":"https:\/\/schema.org","@graph":[{"@type":"WebPage","@id":"https:\/\/bykallevig.com\/de\/scandinavian-style\/","url":"https:\/\/bykallevig.com\/de\/scandinavian-style\/","name":"Skandinavischer Stil - byKALLEVIG","isPartOf":{"@id":"https:\/\/bykallevig.com\/de\/#website"},"datePublished":"2018-03-27T09:19:00+00:00","dateModified":"2020-10-26T19:41:09+00:00","breadcrumb":{"@id":"https:\/\/bykallevig.com\/de\/scandinavian-style\/#breadcrumb"},"inLanguage":"en-GB","potentialAction":[{"@type":"ReadAction","target":["https:\/\/bykallevig.com\/de\/scandinavian-style\/"]}]},{"@type":"BreadcrumbList","@id":"https:\/\/bykallevig.com\/de\/scandinavian-style\/#breadcrumb","itemListElement":[{"@type":"ListItem","position":1,"name":"Home","item":"https:\/\/bykallevig.com\/de\/"},{"@type":"ListItem","position":2,"name":"Skandinavischer Stil"}]},{"@type":"WebSite","@id":"https:\/\/bykallevig.com\/de\/#website","url":"https:\/\/bykallevig.com\/de\/","name":"byKALLEVIG","description":"Modern &amp; Mid-Century Design Furniture","potentialAction":[{"@type":"SearchAction","target":{"@type":"EntryPoint","urlTemplate":"https:\/\/bykallevig.com\/de\/?s={search_term_string}"},"query-input":"required name=search_term_string"}],"inLanguage":"en-GB"}]}},"_links":{"self":[{"href":"https:\/\/bykallevig.com\/de\/wp-json\/wp\/v2\/pages\/2732"}],"collection":[{"href":"https:\/\/bykallevig.com\/de\/wp-json\/wp\/v2\/pages"}],"about":[{"href":"https:\/\/bykallevig.com\/de\/wp-json\/wp\/v2\/types\/page"}],"author":[{"embeddable":true,"href":"https:\/\/bykallevig.com\/de\/wp-json\/wp\/v2\/users\/79"}],"replies":[{"embeddable":true,"href":"https:\/\/bykallevig.com\/de\/wp-json\/wp\/v2\/comments?post=2732"}],"version-history":[{"count":39,"href":"https:\/\/bykallevig.com\/de\/wp-json\/wp\/v2\/pages\/2732\/revisions"}],"predecessor-version":[{"id":594230,"href":"https:\/\/bykallevig.com\/de\/wp-json\/wp\/v2\/pages\/2732\/revisions\/594230"}],"wp:attachment":[{"href":"https:\/\/bykallevig.com\/de\/wp-json\/wp\/v2\/media?parent=2732"}],"curies":[{"name":"wp","href":"https:\/\/api.w.org\/{rel}","templated":true}]}}